{"id":9666,"date":"2022-03-30T01:16:38","date_gmt":"2022-03-29T23:16:38","guid":{"rendered":"https:\/\/hec.dz\/newsite\/?page_id=9666"},"modified":"2025-07-16T11:20:46","modified_gmt":"2025-07-16T09:20:46","slug":"programme-detude-ehec","status":"publish","type":"page","link":"https:\/\/hec.dz\/newsite\/?page_id=9666&lang=fr","title":{"rendered":"Programme d&#8217;\u00e9tude"},"content":{"rendered":"\n<div class=\"togglecontainer  av-elegant-toggle toggle_close_all  avia-builder-el-1  el_after_av_heading  avia-builder-el-last  \" >\n<section class=\"av_toggle_section\"  itemscope=\"itemscope\" itemtype=\"https:\/\/schema.org\/CreativeWork\"  >    <div class=\"single_toggle\" data-tags=\"{Tout} \"  >        <p data-fake-id=\"#toggle-id-1\" class=\"toggler  hasCustomColor av-inherit-font-color \"  itemprop=\"headline\"  style='background-color: #76a7e8; color: #f7f7f7; ' >Premier Cycle \"Classes Pr\u00e9paratoires Int\u00e9gr\u00e9es\"<span class=\"toggle_icon\" style='border-color:#f7f7f7;'>        <span class=\"vert_icon\"><\/span><span class=\"hor_icon\"><\/span><\/span><\/p>        <div id=\"toggle-id-1-container\" class=\"toggle_wrap \"  >            <div class=\"toggle_content invers-color  av-inherit-font-color \"  itemprop=\"text\"  style='background-color: #76a7e8; color: #f7f7f7; ' ><h4><a href=\"https:\/\/hec.dz\/newsite\/wp-content\/uploads\/2022\/03\/1CP_FR.pdf\" target=\"_blank\" rel=\"noopener\">1CP \u2013 Programme Premi\u00e8re Ann\u00e9e<\/a><\/h4>\n<h4><a href=\"https:\/\/hec.dz\/newsite\/wp-content\/uploads\/2022\/03\/1CP_FR.pdf\" target=\"_blank\" rel=\"noopener\"><img loading=\"lazy\" class=\"wp-image-9679 alignnone\" src=\"https:\/\/hec.dz\/newsite\/wp-content\/uploads\/2022\/03\/open_doc-300x300.png\" alt=\"\" width=\"27\" height=\"27\" srcset=\"https:\/\/hec.dz\/newsite\/wp-content\/uploads\/2022\/03\/open_doc-300x300.png 300w, https:\/\/hec.dz\/newsite\/wp-content\/uploads\/2022\/03\/open_doc-80x80.png 80w, https:\/\/hec.dz\/newsite\/wp-content\/uploads\/2022\/03\/open_doc-36x36.png 36w, https:\/\/hec.dz\/newsite\/wp-content\/uploads\/2022\/03\/open_doc-180x180.png 180w, https:\/\/hec.dz\/newsite\/wp-content\/uploads\/2022\/03\/open_doc-120x120.png 120w, https:\/\/hec.dz\/newsite\/wp-content\/uploads\/2022\/03\/open_doc-450x450.png 450w, https:\/\/hec.dz\/newsite\/wp-content\/uploads\/2022\/03\/open_doc.png 512w\" sizes=\"(max-width: 27px) 100vw, 27px\" \/><\/a><br \/>\n<img loading=\"lazy\" class=\"wp-image-3433 alignright\" src=\"https:\/\/hec.dz\/newsite\/wp-content\/uploads\/2020\/06\/prepa-300x127.jpg\" alt=\"\" width=\"215\" height=\"91\" srcset=\"https:\/\/hec.dz\/newsite\/wp-content\/uploads\/2020\/06\/prepa-300x127.jpg 300w, https:\/\/hec.dz\/newsite\/wp-content\/uploads\/2020\/06\/prepa-705x299.jpg 705w, https:\/\/hec.dz\/newsite\/wp-content\/uploads\/2020\/06\/prepa-450x191.jpg 450w, https:\/\/hec.dz\/newsite\/wp-content\/uploads\/2020\/06\/prepa.jpg 724w\" sizes=\"(max-width: 215px) 100vw, 215px\" \/><\/h4>\n<h4><\/h4>\n<h4><a href=\"https:\/\/hec.dz\/newsite\/wp-content\/uploads\/2022\/03\/2CP_FR.pdf\" target=\"_blank\" rel=\"noopener\">2CP \u2013 Programme Deuxi\u00e8me Ann\u00e9e<\/a><\/h4>\n<h4><a href=\"https:\/\/hec.dz\/newsite\/wp-content\/uploads\/2022\/03\/2CP_FR.pdf\" target=\"_blank\" rel=\"noopener\"><img loading=\"lazy\" class=\"alignnone wp-image-9679\" src=\"https:\/\/hec.dz\/newsite\/wp-content\/uploads\/2022\/03\/open_doc-300x300.png\" alt=\"\" width=\"27\" height=\"27\" srcset=\"https:\/\/hec.dz\/newsite\/wp-content\/uploads\/2022\/03\/open_doc-300x300.png 300w, https:\/\/hec.dz\/newsite\/wp-content\/uploads\/2022\/03\/open_doc-80x80.png 80w, https:\/\/hec.dz\/newsite\/wp-content\/uploads\/2022\/03\/open_doc-36x36.png 36w, https:\/\/hec.dz\/newsite\/wp-content\/uploads\/2022\/03\/open_doc-180x180.png 180w, https:\/\/hec.dz\/newsite\/wp-content\/uploads\/2022\/03\/open_doc-120x120.png 120w, https:\/\/hec.dz\/newsite\/wp-content\/uploads\/2022\/03\/open_doc-450x450.png 450w, https:\/\/hec.dz\/newsite\/wp-content\/uploads\/2022\/03\/open_doc.png 512w\" sizes=\"(max-width: 27px) 100vw, 27px\" \/><\/a><\/h4>\n            <\/div>        <\/div>    <\/div><\/section>\n<section class=\"av_toggle_section\"  itemscope=\"itemscope\" itemtype=\"https:\/\/schema.org\/CreativeWork\"  >    <div class=\"single_toggle\" data-tags=\"{Tout} \"  >        <p data-fake-id=\"#toggle-id-2\" class=\"toggler  hasCustomColor av-inherit-font-color \"  itemprop=\"headline\"  style='background-color: #76a7e8; color: #f7f7f7; ' >Second Cycle (MASTER)<span class=\"toggle_icon\" style='border-color:#f7f7f7;'>        <span class=\"vert_icon\"><\/span><span class=\"hor_icon\"><\/span><\/span><\/p>        <div id=\"toggle-id-2-container\" class=\"toggle_wrap \"  >            <div class=\"toggle_content invers-color  av-inherit-font-color \"  itemprop=\"text\"  style='background-color: #76a7e8; color: #f7f7f7; ' ><h4><span style=\"color: #3366ff;\"><span style=\"color: #000080;\">D\u00e9partement<\/span><\/span><strong><span style=\"color: #3366ff;\"><span style=\"color: #000080;\">\u00a0Sciences Commerciales\u00a0<\/span><\/span><br \/>\n<img loading=\"lazy\" class=\"wp-image-3313 alignright\" src=\"https:\/\/hec.dz\/newsite\/wp-content\/uploads\/2020\/06\/61-300x200.jpg\" sizes=\"(max-width: 242px) 100vw, 242px\" srcset=\"https:\/\/hec.dz\/newsite\/wp-content\/uploads\/2020\/06\/61-300x200.jpg 300w, https:\/\/hec.dz\/newsite\/wp-content\/uploads\/2020\/06\/61-768x512.jpg 768w, https:\/\/hec.dz\/newsite\/wp-content\/uploads\/2020\/06\/61-1030x686.jpg 1030w, https:\/\/hec.dz\/newsite\/wp-content\/uploads\/2020\/06\/61-1500x1000.jpg 1500w, https:\/\/hec.dz\/newsite\/wp-content\/uploads\/2020\/06\/61-705x470.jpg 705w, https:\/\/hec.dz\/newsite\/wp-content\/uploads\/2020\/06\/61-450x300.jpg 450w\" alt=\"\" width=\"171\" height=\"114\" \/><\/strong><\/h4>\n<ul>\n<li><strong><a href=\"https:\/\/hec.dz\/newsite\/wp-content\/uploads\/2024\/10\/Arrete-Tronc-Commu_Semestres-01-02.pdf\" target=\"_blank\" rel=\"noopener\">Master Sciences Commerciales (Premi\u00e8re Ann\u00e9e Second Cycle).pdf<\/a><\/strong><\/li>\n<\/ul>\n<p><img loading=\"lazy\" class=\"alignnone wp-image-9679\" src=\"https:\/\/hec.dz\/newsite\/wp-content\/uploads\/2022\/03\/open_doc-300x300.png\" alt=\"\" width=\"27\" height=\"27\" srcset=\"https:\/\/hec.dz\/newsite\/wp-content\/uploads\/2022\/03\/open_doc-300x300.png 300w, https:\/\/hec.dz\/newsite\/wp-content\/uploads\/2022\/03\/open_doc-80x80.png 80w, https:\/\/hec.dz\/newsite\/wp-content\/uploads\/2022\/03\/open_doc-36x36.png 36w, https:\/\/hec.dz\/newsite\/wp-content\/uploads\/2022\/03\/open_doc-180x180.png 180w, https:\/\/hec.dz\/newsite\/wp-content\/uploads\/2022\/03\/open_doc-120x120.png 120w, https:\/\/hec.dz\/newsite\/wp-content\/uploads\/2022\/03\/open_doc-450x450.png 450w, https:\/\/hec.dz\/newsite\/wp-content\/uploads\/2022\/03\/open_doc.png 512w\" sizes=\"(max-width: 27px) 100vw, 27px\" \/><\/p>\n<hr \/>\n<h4><\/h4>\n<h4><span style=\"color: #3366ff;\"><span style=\"color: #000080;\">D\u00e9partement<\/span><\/span><strong><span style=\"color: #3366ff;\"><span style=\"color: #000080;\"> Management\u00a0<\/span><\/span><\/strong><\/h4>\n<ul>\n<li><a href=\"https:\/\/hec.dz\/newsite\/wp-content\/uploads\/2024\/10\/S3-FBA-FR.pdf\"><strong>Master en Finance Banques et Assurances.pdf\u00a0<\/strong><\/a><\/li>\n<\/ul>\n<h4><img loading=\"lazy\" class=\" wp-image-3317 alignright\" style=\"font-size: 16px; font-weight: 400;\" src=\"https:\/\/hec.dz\/newsite\/wp-content\/uploads\/2020\/06\/31213-300x200.jpg\" sizes=\"(max-width: 255px) 100vw, 255px\" srcset=\"https:\/\/hec.dz\/newsite\/wp-content\/uploads\/2020\/06\/31213-300x200.jpg 300w, https:\/\/hec.dz\/newsite\/wp-content\/uploads\/2020\/06\/31213-768x512.jpg 768w, https:\/\/hec.dz\/newsite\/wp-content\/uploads\/2020\/06\/31213-1030x687.jpg 1030w, https:\/\/hec.dz\/newsite\/wp-content\/uploads\/2020\/06\/31213-1500x1001.jpg 1500w, https:\/\/hec.dz\/newsite\/wp-content\/uploads\/2020\/06\/31213-705x470.jpg 705w, https:\/\/hec.dz\/newsite\/wp-content\/uploads\/2020\/06\/31213-450x300.jpg 450w\" alt=\"\" width=\"173\" height=\"115\" \/><img loading=\"lazy\" class=\"alignnone wp-image-9679\" src=\"https:\/\/hec.dz\/newsite\/wp-content\/uploads\/2022\/03\/open_doc-300x300.png\" alt=\"\" width=\"27\" height=\"27\" srcset=\"https:\/\/hec.dz\/newsite\/wp-content\/uploads\/2022\/03\/open_doc-300x300.png 300w, https:\/\/hec.dz\/newsite\/wp-content\/uploads\/2022\/03\/open_doc-80x80.png 80w, https:\/\/hec.dz\/newsite\/wp-content\/uploads\/2022\/03\/open_doc-36x36.png 36w, https:\/\/hec.dz\/newsite\/wp-content\/uploads\/2022\/03\/open_doc-180x180.png 180w, https:\/\/hec.dz\/newsite\/wp-content\/uploads\/2022\/03\/open_doc-120x120.png 120w, https:\/\/hec.dz\/newsite\/wp-content\/uploads\/2022\/03\/open_doc-450x450.png 450w, https:\/\/hec.dz\/newsite\/wp-content\/uploads\/2022\/03\/open_doc.png 512w\" sizes=\"(max-width: 27px) 100vw, 27px\" \/><\/h4>\n<ul>\n<li><a href=\"https:\/\/hec.dz\/newsite\/wp-content\/uploads\/2024\/10\/S3-MNGT-FR.pdf\"><strong>Master Management et Entrepreneuriat.pdf<\/strong><\/a><\/li>\n<\/ul>\n<h4><img loading=\"lazy\" class=\"alignnone wp-image-9679\" src=\"https:\/\/hec.dz\/newsite\/wp-content\/uploads\/2022\/03\/open_doc-300x300.png\" alt=\"\" width=\"27\" height=\"27\" srcset=\"https:\/\/hec.dz\/newsite\/wp-content\/uploads\/2022\/03\/open_doc-300x300.png 300w, https:\/\/hec.dz\/newsite\/wp-content\/uploads\/2022\/03\/open_doc-80x80.png 80w, https:\/\/hec.dz\/newsite\/wp-content\/uploads\/2022\/03\/open_doc-36x36.png 36w, https:\/\/hec.dz\/newsite\/wp-content\/uploads\/2022\/03\/open_doc-180x180.png 180w, https:\/\/hec.dz\/newsite\/wp-content\/uploads\/2022\/03\/open_doc-120x120.png 120w, https:\/\/hec.dz\/newsite\/wp-content\/uploads\/2022\/03\/open_doc-450x450.png 450w, https:\/\/hec.dz\/newsite\/wp-content\/uploads\/2022\/03\/open_doc.png 512w\" sizes=\"(max-width: 27px) 100vw, 27px\" \/><\/h4>\n<ul>\n<li><a href=\"https:\/\/hec.dz\/newsite\/wp-content\/uploads\/2024\/10\/S1-MNGTI-FR.pdf\"><strong>Master Management Pour Ing\u00e8nieurs.pdf<\/strong><\/a><\/li>\n<\/ul>\n<h4><img loading=\"lazy\" class=\"alignnone wp-image-9679\" src=\"https:\/\/hec.dz\/newsite\/wp-content\/uploads\/2022\/03\/open_doc-300x300.png\" alt=\"\" width=\"27\" height=\"27\" srcset=\"https:\/\/hec.dz\/newsite\/wp-content\/uploads\/2022\/03\/open_doc-300x300.png 300w, https:\/\/hec.dz\/newsite\/wp-content\/uploads\/2022\/03\/open_doc-80x80.png 80w, https:\/\/hec.dz\/newsite\/wp-content\/uploads\/2022\/03\/open_doc-36x36.png 36w, https:\/\/hec.dz\/newsite\/wp-content\/uploads\/2022\/03\/open_doc-180x180.png 180w, https:\/\/hec.dz\/newsite\/wp-content\/uploads\/2022\/03\/open_doc-120x120.png 120w, https:\/\/hec.dz\/newsite\/wp-content\/uploads\/2022\/03\/open_doc-450x450.png 450w, https:\/\/hec.dz\/newsite\/wp-content\/uploads\/2022\/03\/open_doc.png 512w\" sizes=\"(max-width: 27px) 100vw, 27px\" \/><\/h4>\n<ul>\n<li><a href=\"https:\/\/hec.dz\/newsite\/wp-content\/uploads\/2025\/02\/S1-CA.pdf\"><strong>Master Comptabilit\u00e9 et Audit.pdf<\/strong><\/a><\/li>\n<\/ul>\n<h4><img loading=\"lazy\" class=\"alignnone wp-image-9679\" src=\"https:\/\/hec.dz\/newsite\/wp-content\/uploads\/2022\/03\/open_doc-300x300.png\" alt=\"\" width=\"27\" height=\"27\" srcset=\"https:\/\/hec.dz\/newsite\/wp-content\/uploads\/2022\/03\/open_doc-300x300.png 300w, https:\/\/hec.dz\/newsite\/wp-content\/uploads\/2022\/03\/open_doc-80x80.png 80w, https:\/\/hec.dz\/newsite\/wp-content\/uploads\/2022\/03\/open_doc-36x36.png 36w, https:\/\/hec.dz\/newsite\/wp-content\/uploads\/2022\/03\/open_doc-180x180.png 180w, https:\/\/hec.dz\/newsite\/wp-content\/uploads\/2022\/03\/open_doc-120x120.png 120w, https:\/\/hec.dz\/newsite\/wp-content\/uploads\/2022\/03\/open_doc-450x450.png 450w, https:\/\/hec.dz\/newsite\/wp-content\/uploads\/2022\/03\/open_doc.png 512w\" sizes=\"(max-width: 27px) 100vw, 27px\" \/><\/h4>\n<hr \/>\n<h4><span style=\"color: #3366ff;\"><span style=\"color: #000080;\">D\u00e9partement<\/span><\/span><strong><span style=\"color: #3366ff;\"><span style=\"color: #000080;\"> Marketing\u00a0<\/span><\/span><\/strong><\/h4>\n<ul>\n<li><a href=\"https:\/\/hec.dz\/newsite\/wp-content\/uploads\/2023\/09\/Master-en-Marketing-Digital-.pdf\" target=\"_blank\" rel=\"noopener\"><strong>Master en Marketing Digital.pdf<\/strong><\/a><\/li>\n<\/ul>\n<h4><img loading=\"lazy\" class=\"alignnone wp-image-9679\" src=\"https:\/\/hec.dz\/newsite\/wp-content\/uploads\/2022\/03\/open_doc-300x300.png\" alt=\"\" width=\"27\" height=\"27\" srcset=\"https:\/\/hec.dz\/newsite\/wp-content\/uploads\/2022\/03\/open_doc-300x300.png 300w, https:\/\/hec.dz\/newsite\/wp-content\/uploads\/2022\/03\/open_doc-80x80.png 80w, https:\/\/hec.dz\/newsite\/wp-content\/uploads\/2022\/03\/open_doc-36x36.png 36w, https:\/\/hec.dz\/newsite\/wp-content\/uploads\/2022\/03\/open_doc-180x180.png 180w, https:\/\/hec.dz\/newsite\/wp-content\/uploads\/2022\/03\/open_doc-120x120.png 120w, https:\/\/hec.dz\/newsite\/wp-content\/uploads\/2022\/03\/open_doc-450x450.png 450w, https:\/\/hec.dz\/newsite\/wp-content\/uploads\/2022\/03\/open_doc.png 512w\" sizes=\"(max-width: 27px) 100vw, 27px\" \/><\/h4>\n<h4><strong><img loading=\"lazy\" class=\" wp-image-3350 alignright\" src=\"https:\/\/hec.dz\/newsite\/wp-content\/uploads\/2020\/06\/mk-300x200.jpg\" sizes=\"(max-width: 243px) 100vw, 243px\" srcset=\"https:\/\/hec.dz\/newsite\/wp-content\/uploads\/2020\/06\/mk-300x200.jpg 300w, https:\/\/hec.dz\/newsite\/wp-content\/uploads\/2020\/06\/mk-768x512.jpg 768w, https:\/\/hec.dz\/newsite\/wp-content\/uploads\/2020\/06\/mk-1030x687.jpg 1030w, https:\/\/hec.dz\/newsite\/wp-content\/uploads\/2020\/06\/mk-705x470.jpg 705w, https:\/\/hec.dz\/newsite\/wp-content\/uploads\/2020\/06\/mk-450x300.jpg 450w, https:\/\/hec.dz\/newsite\/wp-content\/uploads\/2020\/06\/mk.jpg 1300w\" alt=\"\" width=\"201\" height=\"134\" \/><\/strong><\/h4>\n<ul>\n<li><strong style=\"font-size: 16px;\"><a href=\"https:\/\/hec.dz\/newsite\/wp-content\/uploads\/2023\/09\/Master-en-Marketing-Management-1-1.pdf\" target=\"_blank\" rel=\"noopener\">Master en Marketing Management.pdf<\/a><\/strong><\/li>\n<\/ul>\n<h4><img loading=\"lazy\" class=\"alignnone wp-image-9679\" src=\"https:\/\/hec.dz\/newsite\/wp-content\/uploads\/2022\/03\/open_doc-300x300.png\" alt=\"\" width=\"27\" height=\"27\" srcset=\"https:\/\/hec.dz\/newsite\/wp-content\/uploads\/2022\/03\/open_doc-300x300.png 300w, https:\/\/hec.dz\/newsite\/wp-content\/uploads\/2022\/03\/open_doc-80x80.png 80w, https:\/\/hec.dz\/newsite\/wp-content\/uploads\/2022\/03\/open_doc-36x36.png 36w, https:\/\/hec.dz\/newsite\/wp-content\/uploads\/2022\/03\/open_doc-180x180.png 180w, https:\/\/hec.dz\/newsite\/wp-content\/uploads\/2022\/03\/open_doc-120x120.png 120w, https:\/\/hec.dz\/newsite\/wp-content\/uploads\/2022\/03\/open_doc-450x450.png 450w, https:\/\/hec.dz\/newsite\/wp-content\/uploads\/2022\/03\/open_doc.png 512w\" sizes=\"(max-width: 27px) 100vw, 27px\" \/><\/h4>\n<ul>\n<li><strong><a href=\"https:\/\/hec.dz\/newsite\/wp-content\/uploads\/2023\/09\/Master-en-Distrubution-et-Commerce-Connecte-1-1.pdf\" target=\"_blank\" rel=\"noopener\">Master en Distribution et Commerce Connect\u00e9.pdf<\/a> <\/strong><\/li>\n<\/ul>\n<h4><img loading=\"lazy\" class=\"alignnone wp-image-9679\" src=\"https:\/\/hec.dz\/newsite\/wp-content\/uploads\/2022\/03\/open_doc-300x300.png\" alt=\"\" width=\"27\" height=\"27\" srcset=\"https:\/\/hec.dz\/newsite\/wp-content\/uploads\/2022\/03\/open_doc-300x300.png 300w, https:\/\/hec.dz\/newsite\/wp-content\/uploads\/2022\/03\/open_doc-80x80.png 80w, https:\/\/hec.dz\/newsite\/wp-content\/uploads\/2022\/03\/open_doc-36x36.png 36w, https:\/\/hec.dz\/newsite\/wp-content\/uploads\/2022\/03\/open_doc-180x180.png 180w, https:\/\/hec.dz\/newsite\/wp-content\/uploads\/2022\/03\/open_doc-120x120.png 120w, https:\/\/hec.dz\/newsite\/wp-content\/uploads\/2022\/03\/open_doc-450x450.png 450w, https:\/\/hec.dz\/newsite\/wp-content\/uploads\/2022\/03\/open_doc.png 512w\" sizes=\"(max-width: 27px) 100vw, 27px\" \/><\/h4>\n<ul>\n<li><strong><a href=\"https:\/\/hec.dz\/newsite\/wp-content\/uploads\/2023\/09\/Master-en-Manegement-de-la-Chaine-Logistique-1-1.pdf\" target=\"_blank\" rel=\"noopener\">Master en Management de la Chaine Logistique.pdf<\/a><\/strong><\/li>\n<\/ul>\n<h4><img loading=\"lazy\" class=\"alignnone wp-image-9679\" src=\"https:\/\/hec.dz\/newsite\/wp-content\/uploads\/2022\/03\/open_doc-300x300.png\" alt=\"\" width=\"27\" height=\"27\" srcset=\"https:\/\/hec.dz\/newsite\/wp-content\/uploads\/2022\/03\/open_doc-300x300.png 300w, https:\/\/hec.dz\/newsite\/wp-content\/uploads\/2022\/03\/open_doc-80x80.png 80w, https:\/\/hec.dz\/newsite\/wp-content\/uploads\/2022\/03\/open_doc-36x36.png 36w, https:\/\/hec.dz\/newsite\/wp-content\/uploads\/2022\/03\/open_doc-180x180.png 180w, https:\/\/hec.dz\/newsite\/wp-content\/uploads\/2022\/03\/open_doc-120x120.png 120w, https:\/\/hec.dz\/newsite\/wp-content\/uploads\/2022\/03\/open_doc-450x450.png 450w, https:\/\/hec.dz\/newsite\/wp-content\/uploads\/2022\/03\/open_doc.png 512w\" sizes=\"(max-width: 27px) 100vw, 27px\" \/><\/h4>\n<h4><\/h4>\n<hr \/>\n<h4><span style=\"color: #3366ff;\"><span style=\"color: #000080;\">D\u00e9partement<\/span><\/span><strong><span style=\"color: #3366ff;\"><span style=\"color: #000080;\"> Affaires Internationales<\/span><\/span><\/strong><\/h4>\n<h4 style=\"margin-top: 1.5em;\"><strong><img loading=\"lazy\" class=\"wp-image-3318 alignright\" src=\"https:\/\/hec.dz\/newsite\/wp-content\/uploads\/2020\/06\/3002634-300x200.jpg\" sizes=\"(max-width: 246px) 100vw, 246px\" srcset=\"https:\/\/hec.dz\/newsite\/wp-content\/uploads\/2020\/06\/3002634-300x200.jpg 300w, https:\/\/hec.dz\/newsite\/wp-content\/uploads\/2020\/06\/3002634-768x512.jpg 768w, https:\/\/hec.dz\/newsite\/wp-content\/uploads\/2020\/06\/3002634-1030x687.jpg 1030w, https:\/\/hec.dz\/newsite\/wp-content\/uploads\/2020\/06\/3002634-1500x1000.jpg 1500w, https:\/\/hec.dz\/newsite\/wp-content\/uploads\/2020\/06\/3002634-705x470.jpg 705w, https:\/\/hec.dz\/newsite\/wp-content\/uploads\/2020\/06\/3002634-450x300.jpg 450w\" alt=\"\" width=\"200\" height=\"133\" \/><\/strong><\/h4>\n<ul>\n<li><strong><span style=\"color: #3366ff;\"><span style=\"color: #000080;\"> <a href=\"https:\/\/hec.dz\/newsite\/wp-content\/uploads\/2023\/09\/Master-en-Commerce-International.pdf\" target=\"_blank\" rel=\"noopener\">Master en Commerce International.pdf<\/a><\/span><\/span><\/strong><\/li>\n<\/ul>\n<p><img loading=\"lazy\" class=\"alignnone wp-image-9679\" src=\"https:\/\/hec.dz\/newsite\/wp-content\/uploads\/2022\/03\/open_doc-300x300.png\" alt=\"\" width=\"27\" height=\"27\" srcset=\"https:\/\/hec.dz\/newsite\/wp-content\/uploads\/2022\/03\/open_doc-300x300.png 300w, https:\/\/hec.dz\/newsite\/wp-content\/uploads\/2022\/03\/open_doc-80x80.png 80w, https:\/\/hec.dz\/newsite\/wp-content\/uploads\/2022\/03\/open_doc-36x36.png 36w, https:\/\/hec.dz\/newsite\/wp-content\/uploads\/2022\/03\/open_doc-180x180.png 180w, https:\/\/hec.dz\/newsite\/wp-content\/uploads\/2022\/03\/open_doc-120x120.png 120w, https:\/\/hec.dz\/newsite\/wp-content\/uploads\/2022\/03\/open_doc-450x450.png 450w, https:\/\/hec.dz\/newsite\/wp-content\/uploads\/2022\/03\/open_doc.png 512w\" sizes=\"(max-width: 27px) 100vw, 27px\" \/><\/p>\n            <\/div>        <\/div>    <\/div><\/section>\n<\/div>\n","protected":false},"excerpt":{"rendered":"","protected":false},"author":2,"featured_media":0,"parent":0,"menu_order":0,"comment_status":"closed","ping_status":"closed","template":"","meta":{"_mi_skip_tracking":false,"_monsterinsights_sitenote_active":false,"_monsterinsights_sitenote_note":"","_monsterinsights_sitenote_category":0},"_links":{"self":[{"href":"https:\/\/hec.dz\/newsite\/index.php?rest_route=\/wp\/v2\/pages\/9666"}],"collection":[{"href":"https:\/\/hec.dz\/newsite\/index.php?rest_route=\/wp\/v2\/pages"}],"about":[{"href":"https:\/\/hec.dz\/newsite\/index.php?rest_route=\/wp\/v2\/types\/page"}],"author":[{"embeddable":true,"href":"https:\/\/hec.dz\/newsite\/index.php?rest_route=\/wp\/v2\/users\/2"}],"replies":[{"embeddable":true,"href":"https:\/\/hec.dz\/newsite\/index.php?rest_route=%2Fwp%2Fv2%2Fcomments&post=9666"}],"version-history":[{"count":35,"href":"https:\/\/hec.dz\/newsite\/index.php?rest_route=\/wp\/v2\/pages\/9666\/revisions"}],"predecessor-version":[{"id":19064,"href":"https:\/\/hec.dz\/newsite\/index.php?rest_route=\/wp\/v2\/pages\/9666\/revisions\/19064"}],"wp:attachment":[{"href":"https:\/\/hec.dz\/newsite\/index.php?rest_route=%2Fwp%2Fv2%2Fmedia&parent=9666"}],"curies":[{"name":"wp","href":"https:\/\/api.w.org\/{rel}","templated":true}]}}