{"id":4621,"date":"2020-09-03T12:03:11","date_gmt":"2020-09-03T10:03:11","guid":{"rendered":"http:\/\/hec.dz\/newsite\/?page_id=4621"},"modified":"2022-02-11T21:56:26","modified_gmt":"2022-02-11T20:56:26","slug":"%d9%85%d8%ac%d9%84%d8%a9-%d8%a7%d9%84%d8%b9%d9%84%d9%88%d9%85-%d8%a7%d9%84%d8%aa%d8%ac%d8%a7%d8%b1%d9%8a%d8%a9","status":"publish","type":"page","link":"https:\/\/hec.dz\/newsite\/?page_id=4621","title":{"rendered":"\u0645\u062c\u0644\u0629 \u0627\u0644\u0639\u0644\u0648\u0645 \u0627\u0644\u062a\u062c\u0627\u0631\u064a\u0629"},"content":{"rendered":"<div class=\"flex_column av_one_full  flex_column_div av-zero-column-padding first  avia-builder-el-0  el_before_av_one_half  avia-builder-el-first  \" style='border-radius:0px; '><div style='padding-bottom:10px; ' class='av-special-heading av-special-heading-h3    avia-builder-el-1  avia-builder-el-no-sibling   '><h3 class='av-special-heading-tag '  itemprop=\"headline\"  >\u0645\u062c\u0644\u0629 \u0627\u0644\u0639\u0644\u0648\u0645 \u0627\u0644\u062a\u062c\u0627\u0631\u064a\u0629<\/h3><div class='special-heading-border'><div class='special-heading-inner-border' ><\/div><\/div><\/div><\/div>\n<div class=\"flex_column av_one_half  flex_column_div av-zero-column-padding first  avia-builder-el-2  el_after_av_one_full  el_before_av_one_half  column-top-margin\" style='border-radius:0px; '><section class=\"av_textblock_section \"  itemscope=\"itemscope\" itemtype=\"https:\/\/schema.org\/CreativeWork\" ><div class='avia_textblock  '   itemprop=\"text\" ><p>ISSN: 1112-3818 (\u0637\u0628\u0627\u0639\u0629)<\/p>\n<p>EISSN: 2602-5396 (\u0639\u0628\u0631 \u0627\u0644\u0625\u0646\u062a\u0631\u0646\u062a)<\/p>\n<p>\u062f\u0648\u0631\u064a\u0629: \u0646\u0635\u0641 \u0633\u0646\u0648\u064a\u0629<\/p>\n<p>\u0645\u0639\u062f\u0644 \u0627\u0644\u0642\u0628\u0648\u0644: 56\u066a<\/p>\n<p>\u0645\u062a\u0648\u0633\u0637 \u200b\u200b\u0648\u0642\u062a \u0627\u0644\u0627\u0633\u062a\u062c\u0627\u0628\u0629: 200 \u064a\u0648\u0645<\/p>\n<p>\u0645\u062a\u0648\u0633\u0637 \u200b\u200b\u0648\u0642\u062a \u0627\u0644\u0646\u0634\u0631 \u0628\u0639\u062f \u0627\u0644\u0642\u0628\u0648\u0644: 27 \u064a\u0648\u0645\u064b\u0627<\/p>\n<p>\u0633\u0646\u0629 \u0627\u0644\u062a\u0623\u0633\u064a\u0633: 2002<\/p>\n<p>\u062f\u0648\u0644\u0629: \u0627\u0644\u062c\u0632\u0627\u0626\u0631<\/p>\n<p>\u0627\u0644\u0645\u0624\u0633\u0633\u0629 \u0627\u0644\u062a\u0639\u0644\u064a\u0645\u064a\u0629: \u0645\u062f\u0631\u0633\u0629 \u0627\u0644\u062f\u0631\u0627\u0633\u0627\u062a \u0627\u0644\u062a\u062c\u0627\u0631\u064a\u0629 \u0627\u0644\u0639\u0644\u064a\u0627 \u060c HEC \u0627\u0644\u062c\u0632\u0627\u0626\u0631<\/p>\n<\/div><\/section><\/div>\n<div class=\"flex_column av_one_half  flex_column_div av-zero-column-padding   avia-builder-el-4  el_after_av_one_half  el_before_av_one_full  column-top-margin\" style='border-radius:0px; '><div class='avia-image-container  av-styling- av-hover-grow   avia-builder-el-5  avia-builder-el-no-sibling   avia-align-center '  itemprop=\"image\" itemscope=\"itemscope\" itemtype=\"https:\/\/schema.org\/ImageObject\"  ><div class='avia-image-container-inner'><div class='avia-image-overlay-wrap'><img class='avia_image' src='https:\/\/hec.dz\/newsite\/wp-content\/uploads\/2020\/08\/revue-212x300.jpg' alt='' title='revue' height=\"300\" width=\"212\"  itemprop=\"thumbnailUrl\"  \/><\/div><\/div><\/div><\/div>\n<div class=\"flex_column av_one_full  flex_column_div av-zero-column-padding first  avia-builder-el-6  el_after_av_one_half  el_before_av_one_full  column-top-margin\" style='border-radius:0px; '><section class=\"av_textblock_section \"  itemscope=\"itemscope\" itemtype=\"https:\/\/schema.org\/CreativeWork\" ><div class='avia_textblock  '   itemprop=\"text\" ><p><strong><em><u>ASJP Link\u00a0:<\/u><\/em><\/strong><a href=\"https:\/\/www.asjp.cerist.dz\/en\/PresentationRevue\/360\"><strong><em>https:\/\/www.asjp.cerist.dz\/en\/PresentationRevue\/360<\/em><\/strong><\/a><\/p>\n<\/div><\/section><\/div>\n<div class=\"flex_column av_one_full  flex_column_div av-zero-column-padding first  avia-builder-el-8  el_after_av_one_full  el_before_av_one_full  column-top-margin\" style='border-radius:0px; '><section class=\"av_textblock_section \"  itemscope=\"itemscope\" itemtype=\"https:\/\/schema.org\/CreativeWork\" ><div class='avia_textblock  '   itemprop=\"text\" ><p><strong>\u0627\u0644\u0648\u0635\u0641<\/strong>: \u0645\u062c\u0644\u0629 \u0627\u0644\u0639\u0644\u0648\u0645 \u0627\u0644\u062a\u062c\u0627\u0631\u064a\u0629 \u0647\u064a \u0645\u062c\u0644\u0629 \u0646\u0635\u0641 \u0633\u0646\u0648\u064a\u0629 \u060c \u062a\u0635\u062f\u0631 \u0641\u064a \u064a\u0648\u0646\u064a\u0648 \u0648\u062f\u064a\u0633\u0645\u0628\u0631 \u0645\u0646 \u0642\u0628\u0644 \u0645\u062f\u0631\u0633\u0629 \u0627\u0644\u062f\u0631\u0627\u0633\u0627\u062a \u0627\u0644\u0639\u0644\u064a\u0627 \u0627\u0644\u062a\u062c\u0627\u0631\u064a\u0629 \u060c HEC \u060c \u0627\u0644\u062c\u0632\u0627\u0626\u0631 \u060c \u0645\u0646\u0630 \u0639\u0627\u0645 2002 \u061b \u0644\u062c\u0646\u0629 \u0627\u0644\u0642\u0631\u0627\u0621\u0629. \u062a\u062e\u0636\u0639 \u0644\u0625\u062c\u0631\u0627\u0621\u0627\u062a \u0627\u0644\u062a\u0642\u064a\u064a\u0645 \u0627\u0644\u0623\u0643\u0627\u062f\u064a\u0645\u064a (\u0627\u0644\u062a\u0642\u064a\u064a\u0645 \u0645\u0646 \u0642\u0628\u0644 \u0645\u0642\u0631\u0631\u064a\u0646 \u0645\u0639 \u0639\u062f\u0645 \u0627\u0644\u0643\u0634\u0641 \u0639\u0646 \u0647\u0648\u064a\u062a\u0647\u0645\u0627 \u0627\u0644\u0645\u0632\u062f\u0648\u062c\u0629). \u062a\u0636\u0645\u0646 \u0647\u0630\u0647 \u0627\u0644\u0644\u062c\u0646\u0629 \u0627\u0644\u0645\u0634\u0647\u0648\u0631\u0629 \u0639\u0627\u0644\u0645\u064a\u064b\u0627 \u0627\u0644\u0633\u0631\u064a\u0629 \u0641\u064a \u062c\u0645\u064a\u0639 \u0625\u062c\u0631\u0627\u0621\u0627\u062a \u0627\u0644\u0645\u0631\u0627\u062c\u0639\u0629 \u0627\u0644\u062a\u064a \u062a\u062a\u0637\u0644\u0628 \u0645\u0646 \u0627\u0644\u0645\u0631\u0627\u062c\u0639\u064a\u0646 \u0623\u0646 \u064a\u0643\u0648\u0646\u0648\u0627 \u0645\u062c\u0647\u0648\u0644\u064a\u0646 \u0648\u062e\u0627\u0631\u062c\u064a\u064a\u0646 \u0648\u0644\u064a\u0633\u0648\u0627 \u0645\u0646 \u0646\u0641\u0633 \u0627\u0644\u0627\u0646\u062a\u0645\u0627\u0621 \u0645\u062b\u0644 \u0627\u0644\u0645\u0624\u0644\u0641\u064a\u0646 \u0627\u0644\u0630\u064a\u0646 \u0642\u062f\u0645\u0648\u0627 \u0645\u0633\u0648\u062f\u062a\u0647\u0645. \u0647\u0630\u0647 \u0627\u0644\u0645\u062c\u0644\u0629 \u0647\u064a \u0639\u0644\u0627\u0645\u0629 \u0639\u0644\u0649 \u062d\u064a\u0648\u064a\u0629 \u0627\u0644\u0627\u0646\u0636\u0628\u0627\u0637 \u0648\u062a\u0645\u062b\u0644 \u0648\u0633\u064a\u0644\u0629 \u0644\u0644\u062a\u0648\u0627\u0635\u0644 \u0648\u0627\u0644\u062a\u0641\u0627\u0639\u0644 \u0628\u064a\u0646 \u0623\u0641\u0631\u0627\u062f \u0627\u0644\u0645\u062c\u062a\u0645\u0639 \u0627\u0644\u062c\u0627\u0645\u0639\u064a \u0648\u0645\u062e\u062a\u0644\u0641 \u0627\u0644\u062c\u0647\u0627\u062a \u0627\u0644\u0641\u0627\u0639\u0644\u0629 \u0641\u064a \u0627\u0644\u0645\u062c\u062a\u0645\u0639 \u0648\u0627\u0644\u0623\u0639\u0645\u0627\u0644 \u0648\u0627\u0644\u0627\u0642\u062a\u0635\u0627\u062f. \u0637\u0645\u0648\u062d\u0647\u0627 \u0647\u0648 \u062f\u0639\u0645 \u0627\u0644\u062a\u0641\u0643\u064a\u0631 \u0648\u0627\u0644\u0646\u0642\u0627\u0634 \u062d\u0648\u0644 \u062c\u0645\u064a\u0639 \u0627\u0644\u0623\u0633\u0626\u0644\u0629 \u0627\u0644\u0628\u062d\u062b\u064a\u0629 \u0630\u0627\u062a \u0627\u0644\u0623\u0647\u0645\u064a\u0629 \u0641\u064a \u0645\u062c\u0627\u0644 \u0627\u0644\u0639\u0644\u0648\u0645 \u0627\u0644\u062a\u062c\u0627\u0631\u064a\u0629 \u0648\u0627\u0644\u0627\u0642\u062a\u0635\u0627\u062f\u064a\u0629 \u0648\u0627\u0644\u0625\u062f\u0627\u0631\u064a\u0629. \u0648\u0645\u0646 \u0647\u0630\u0627 \u0627\u0644\u0645\u0646\u0638\u0648\u0631 \u060c \u0641\u0625\u0646\u0647 \u064a\u0645\u062a\u0627\u0632 \u0628\u0627\u0644\u0645\u0633\u0627\u0647\u0645\u0627\u062a \u0627\u0644\u0623\u0635\u0644\u064a\u0629 \u0648\u0627\u0644\u0645\u0628\u062a\u0643\u0631\u0629 \u0627\u0644\u062a\u064a \u062a\u0639\u0643\u0633 \u0627\u0644\u062a\u0637\u0648\u0631\u0627\u062a \u0627\u0644\u0639\u0644\u0645\u064a\u0629 \u0627\u0644\u062d\u062f\u064a\u062b\u0629 \u0641\u064a \u0633\u064a\u0627\u0642 \u0627\u0644\u0628\u062d\u062b \u0627\u0644\u0645\u0641\u0627\u0647\u064a\u0645\u064a \u0648\u0627\u0644\u062a\u062c\u0631\u064a\u0628\u064a \u061b \u0627\u062d\u062a\u0631\u0627\u0645 \u0627\u0644\u0645\u0639\u0627\u064a\u064a\u0631 \u0648\u0627\u0644\u0623\u062e\u0644\u0627\u0642 \u0627\u0644\u0623\u0643\u0627\u062f\u064a\u0645\u064a\u0629 \u0627\u0644\u0645\u0639\u062a\u0631\u0641 \u0628\u0647\u0627 \u0639\u0627\u0644\u0645\u064a\u064b\u0627 \u061b \u0645\u0643\u062a\u0648\u0628\u0629 \u0628\u0627\u0644\u0644\u063a\u0629 \u0627\u0644\u0639\u0631\u0628\u064a\u0629 \u0623\u0648 \u0627\u0644\u0641\u0631\u0646\u0633\u064a\u0629 \u0623\u0648 \u0627\u0644\u0625\u0646\u062c\u0644\u064a\u0632\u064a\u0629. \u0627\u0644\u0645\u062c\u0644\u0629 \u0641\u064a \u0646\u0633\u062e\u0629 \u0625\u0644\u0643\u062a\u0631\u0648\u0646\u064a\u0629 \u0648\u0631\u0642\u064a\u0629. \u064a\u0645\u0643\u0646 \u0627\u0644\u0648\u0635\u0648\u0644 \u0625\u0644\u0649 \u062c\u0645\u064a\u0639 \u0627\u0644\u0645\u0642\u0627\u0644\u0627\u062a \u0645\u062c\u0627\u0646\u064b\u0627 \u0648\u064a\u0645\u0643\u0646 \u062a\u0646\u0632\u064a\u0644\u0647\u0627 \u0639\u0644\u0649 \u0645\u0646\u0635\u0629 ASJP \u060c \u0628\u062f\u0648\u0646 \u0631\u0633\u0648\u0645 \u062a\u0642\u062f\u064a\u0645 \u0648\u0646\u0634\u0631 \u0644\u0644\u0645\u0624\u0644\u0641\u064a\u0646.\u064a\u0631\u062c\u0649 \u0627\u0644\u0627\u0637\u0644\u0627\u0639 \u0639\u0644\u0649 \u0625\u0631\u0634\u0627\u062f\u0627\u062a\u0646\u0627 \u0644\u0644\u0645\u0624\u0644\u0641\u064a\u0646 \u0644\u062a\u0642\u062f\u064a\u0645 \u0627\u0644\u0645\u0642\u0627\u0644\u0627\u062a \u0625\u0644\u0649 \u0645\u0646\u0635\u0629 ASJP: https: \/\/www.asjp. cerist.dz\/en\/PresentationRevue\/360.<\/p>\n<p><b>\u0644\u0645\u0632\u064a\u062f \u0645\u0646 \u0627\u0644\u0645\u0639\u0644\u0648\u0645\u0627\u062a \u0623\u0648 \u0627\u0644\u0645\u0633\u0627\u0639\u062f\u0629 \u060c \u064a\u0631\u062c\u0649 \u0627\u0644\u0627\u062a\u0635\u0627\u0644 \u0628\u0646\u0627 \u0639\u0644\u0649: revue.hec@hec.dz<\/b><\/p>\n<\/div><\/section><\/div>\n<div class=\"flex_column av_one_full  flex_column_div av-zero-column-padding first  avia-builder-el-10  el_after_av_one_full  el_before_av_one_full  column-top-margin\" style='border-radius:0px; '><section class=\"av_textblock_section \"  itemscope=\"itemscope\" itemtype=\"https:\/\/schema.org\/CreativeWork\" ><div class='avia_textblock  '   itemprop=\"text\" ><p><strong>COMITE\u00a0 EDITORIAL<\/strong><\/p>\n<p><strong>\u00c9diteur en chef<\/strong><\/p>\n<p><strong>Hassiba\u00a0 DJEMA<br \/>\n<\/strong><a href=\"mailto:hassiba.djema@hec.dz\">hassiba.djema@hec.dz<\/a><\/p>\n<p>Ecole des Hautes Etudes Commerciales<\/p>\n<p><strong>\u00c9diteurs associ\u00e9s<\/strong><\/p>\n<p>Ecole des Hautes Etudes Commerciales, Alg\u00e9rie.<\/p>\n<p><strong>Hichem Sofiane SALAOUATCHI<\/strong><br \/>\nhs.salaouatchi@hec.dz<br \/>\nEcole des Hautes Etudes Commerciales, Alg\u00e9rie.<\/p>\n<p><strong>Marc-Arthur DIAYE<br \/>\n<\/strong>diaye.marc@gmail.com<br \/>\nUniversit\u00e9 Paris 1 Panth\u00e9on-Sorbonne, France.<\/p>\n<p><strong>Nicolas MOINET<br \/>\n<\/strong><a href=\"mailto:nmoinet@poitiers.iae-france.fr\">nmoinet@poitiers.iae-france.fr<\/a><\/p>\n<p>IAE\u00a0de\u00a0Poitiers, France.<\/p>\n<p><strong>Yvon PESQUEUX<br \/>\n<\/strong>presqueuxyvon@gmail.com<br \/>\nCnam Paris France.<\/p>\n<p><strong>Bachir MAZOUZ<\/strong><br \/>\nBachir.Mazouz@enap.ca<br \/>\nl\u2019Ecole nationale d\u2019administration publique, Canada.<\/p>\n<p><strong>Camal GALLOUJ<br \/>\n<\/strong>gallouj.camal@gmail.com<br \/>\nCEPN Centre d&#8217;Economie de l&#8217;Universit\u00e9 de Paris \u2013 Nord (CEPN), France.<\/p>\n<p><strong>mohamed DJERDJOURI<br \/>\n<\/strong><a href=\"mailto:mdjerdjo@uscupstate.edu\">mdjerdjo@uscupstate.edu<\/a><\/p>\n<p>College of Business and Economics at the University of South Carolina, USA.<\/p>\n<p><strong>Azeddine TOUNES <\/strong><br \/>\natounes@inseec.com<br \/>\nINSEEC BUSINESS SCHOOL, France.<\/p>\n<p><strong>Mouloud MADOUN<br \/>\n<\/strong>madounmouloud10@gmail.com<br \/>\nIndian Institute of management Trichy, Inde.<\/p>\n<p><strong>Wahiba BALI<\/strong><br \/>\nwahibakalboussi@yahoo.fr<br \/>\nISET RADES,\u00a0 TUNISIE<\/p>\n<p><strong>Amar OUKIL<br \/>\n<\/strong>a.r.oukil@googlemail.com<br \/>\nSultan Qaboos University, Muscat, Oman<\/p>\n<p><strong>Ahsina Khalifa<br \/>\n<\/strong>ahsina.khalifa1@gmail.com<br \/>\nUniversit\u00e9 Ibn Tofail &#8211; K\u00e9nitra, Maroc<\/p>\n<p><strong>Issam MALKI<br \/>\n<\/strong>I.Malki@westminster.ac.uk<br \/>\nUniversity of Westminster, Angleterre.<\/p>\n<p><strong>Lylia BAHMED<\/strong><br \/>\nbahmed_lylia@yahoo.fr<br \/>\nUniversit\u00e9 de Batna 2, Alg\u00e9rie.<\/p>\n<p><strong>Abderrahmane ABEDOU<br \/>\n<\/strong>abder.abedou@gmail.com<br \/>\nCREAD, Alg\u00e9rie.<\/p>\n<p><strong>Hanya KHERCHI MEDJDEN<br \/>\n<\/strong>hanya.kherchi@gmail.com<br \/>\nEcole nationale sup\u00e9rieure en statistique et en \u00e9conomie appliqu\u00e9e, Alg\u00e9rie.<\/p>\n<p><strong>Wassila TABET<br \/>\n<\/strong>tabet_wassila@yahoo.fr<br \/>\nUniversit\u00e9 Aboubeker Belkaid de Tlemcen, Alg\u00e9rie.<\/p>\n<p><strong>Kamila AIT-YAHIA GHIDOUCHE<br \/>\n<\/strong>k.ghidouche-aityahia@hec.dz<br \/>\nEcole des hautes \u00e9tudes commerciales, Alg\u00e9rie.<\/p>\n<p><strong>Secr\u00e9taires<\/strong><\/p>\n<p><strong>Mohand BELKACEMI<br \/>\n<\/strong>m.belkacemi@hec.dz<br \/>\nEcole des hautes \u00e9tudes commerciales<\/p>\n<p><strong>Adresse<\/strong><strong>\u00a0: <\/strong>Ecole des Hautes Etudes Commerciales<strong>, <\/strong>HEC Alger<\/p>\n<p>P\u00f4le universitaire Kol\u00e9a \u2013 Tipaza, Alg\u00e9rie.<\/p>\n<p><strong>Contact<\/strong><strong>\u00a0: <\/strong><\/p>\n<p><strong>Mail\u00a0: <\/strong>revue.hec@hec.dz<\/p>\n<p><strong>T\u00e9l : <\/strong>(+213) 24 38 00 36<strong>\u00a0\u00a0\u00a0\u00a0\u00a0\u00a0\u00a0\u00a0\u00a0 Fax : <\/strong>(+213) 38 00 35\/38 00 38<\/p>\n<\/div><\/section><\/div><div class=\"flex_column av_one_full  flex_column_div av-zero-column-padding first  avia-builder-el-12  el_after_av_one_full  el_before_av_one_full  column-top-margin\" style='border-radius:0px; '><div style='padding-bottom:10px; ' class='av-special-heading av-special-heading-h3    avia-builder-el-13  avia-builder-el-no-sibling   '><h3 class='av-special-heading-tag '  itemprop=\"headline\"  >\u0648\u062b\u0627\u0626\u0642 \u0645\u0647\u0645\u0629<\/h3><div class='special-heading-border'><div class='special-heading-inner-border' ><\/div><\/div><\/div><\/div><\/p>\n<div class=\"flex_column av_one_full  flex_column_div av-zero-column-padding first  avia-builder-el-14  el_after_av_one_full  avia-builder-el-last  column-top-margin\" style='border-radius:0px; '><section class=\"av_textblock_section \"  itemscope=\"itemscope\" itemtype=\"https:\/\/schema.org\/CreativeWork\" ><div class='avia_textblock  '   itemprop=\"text\" ><blockquote>\n<p><a href=\"http:\/\/hec.dz\/newsite\/wp-content\/uploads\/2020\/08\/5-Business-Sciences-Review.docx\">\u00a0Business Sciences Review<\/a><\/p>\n<\/blockquote>\n<blockquote>\n<p><a href=\"http:\/\/hec.dz\/newsite\/wp-content\/uploads\/2020\/08\/Charter-of-ethics_Eng.docx\">Charter of ethics_Eng<\/a><\/p>\n<\/blockquote>\n<blockquote>\n<p><a href=\"http:\/\/hec.dz\/newsite\/wp-content\/uploads\/2020\/08\/Copyright_Eng.docx\">Copyright_Eng<\/a><\/p>\n<\/blockquote>\n<blockquote>\n<p><a href=\"http:\/\/hec.dz\/newsite\/wp-content\/uploads\/2020\/08\/Editorial.pdf\">Editorial<\/a><\/p>\n<\/blockquote>\n<blockquote>\n<p><a href=\"http:\/\/hec.dz\/newsite\/wp-content\/uploads\/2020\/08\/REVIEWER-REPORT.pdf\">REVIEWER REPORT<\/a><\/p>\n<\/blockquote>\n<blockquote>\n<p><a href=\"http:\/\/hec.dz\/newsite\/wp-content\/uploads\/2020\/08\/Template_Eng.docx\">Template_Eng<\/a><\/p>\n<\/blockquote>\n<\/div><\/section><\/div>\n","protected":false},"excerpt":{"rendered":"","protected":false},"author":1,"featured_media":0,"parent":4609,"menu_order":0,"comment_status":"closed","ping_status":"closed","template":"","meta":{"_mi_skip_tracking":false,"_monsterinsights_sitenote_active":false,"_monsterinsights_sitenote_note":"","_monsterinsights_sitenote_category":0},"_links":{"self":[{"href":"https:\/\/hec.dz\/newsite\/index.php?rest_route=\/wp\/v2\/pages\/4621"}],"collection":[{"href":"https:\/\/hec.dz\/newsite\/index.php?rest_route=\/wp\/v2\/pages"}],"about":[{"href":"https:\/\/hec.dz\/newsite\/index.php?rest_route=\/wp\/v2\/types\/page"}],"author":[{"embeddable":true,"href":"https:\/\/hec.dz\/newsite\/index.php?rest_route=\/wp\/v2\/users\/1"}],"replies":[{"embeddable":true,"href":"https:\/\/hec.dz\/newsite\/index.php?rest_route=%2Fwp%2Fv2%2Fcomments&post=4621"}],"version-history":[{"count":6,"href":"https:\/\/hec.dz\/newsite\/index.php?rest_route=\/wp\/v2\/pages\/4621\/revisions"}],"predecessor-version":[{"id":20016,"href":"https:\/\/hec.dz\/newsite\/index.php?rest_route=\/wp\/v2\/pages\/4621\/revisions\/20016"}],"up":[{"embeddable":true,"href":"https:\/\/hec.dz\/newsite\/index.php?rest_route=\/wp\/v2\/pages\/4609"}],"wp:attachment":[{"href":"https:\/\/hec.dz\/newsite\/index.php?rest_route=%2Fwp%2Fv2%2Fmedia&parent=4621"}],"curies":[{"name":"wp","href":"https:\/\/api.w.org\/{rel}","templated":true}]}}