{"id":4192,"date":"2020-08-22T23:26:32","date_gmt":"2020-08-22T21:26:32","guid":{"rendered":"http:\/\/hec.dz\/newsite\/?page_id=4192"},"modified":"2020-08-22T23:36:42","modified_gmt":"2020-08-22T21:36:42","slug":"anciens-etudiants","status":"publish","type":"page","link":"https:\/\/hec.dz\/newsite\/?page_id=4192&lang=fr","title":{"rendered":"Anciens \u00e9tudiants"},"content":{"rendered":"<div class=\"flex_column av_one_full  flex_column_div av-zero-column-padding first  avia-builder-el-0  avia-builder-el-no-sibling  \" style='border-radius:0px; '><p><div style='padding-bottom:10px; ' class='av-special-heading av-special-heading-h3    avia-builder-el-1  el_before_av_textblock  avia-builder-el-first   '><h3 class='av-special-heading-tag '  itemprop=\"headline\"  >Anciens \u00e9tudiants<\/h3><div class='special-heading-border'><div class='special-heading-inner-border' ><\/div><\/div><\/div><br \/>\n<section class=\"av_textblock_section \"  itemscope=\"itemscope\" itemtype=\"https:\/\/schema.org\/CreativeWork\" ><div class='avia_textblock  '   itemprop=\"text\" ><p>L\u2019\u00e9cole souhaite regrouper ses \u00e9tudiants dipl\u00f4m\u00e9s afin de construire un r\u00e9seau puissant et solidaire dont toute carri\u00e8re a besoin.<\/p>\n<p>Vous \u00eates un ancien \u00e9tudiant de l\u2019\u00e9cole, veuillez nous communiquer les informations ci-dessous \u00e0 l&#8217;adresse mail suivante:\u00a0 <a href=\"mailto:relex@hec.dz\">relex@hec.dz<\/a><\/p>\n<p><strong>Nom\u00a0:<\/strong><\/p>\n<p><strong>Pr\u00e9nom\u00a0:<\/strong><\/p>\n<p><strong>Dipl\u00f4me et sp\u00e9cialit\u00e9\u00a0:<\/strong><\/p>\n<p><strong>Ann\u00e9e d\u2019obtention du dipl\u00f4me\u00a0:<\/strong><\/p>\n<p><strong>Fonction actuelle\u00a0:<\/strong><\/p>\n<p><strong>Employeur\u00a0:<\/strong><\/p>\n<p><strong>Email\u00a0:<\/strong><\/p>\n<p><strong>Facebook\u00a0:( facultatif)<\/strong><\/p>\n<p><strong>T\u00e9l\u00e9phone\u00a0: (facultatif)<\/strong><\/p>\n<\/div><\/section><\/p><\/div>\n","protected":false},"excerpt":{"rendered":"","protected":false},"author":1,"featured_media":0,"parent":4146,"menu_order":0,"comment_status":"closed","ping_status":"closed","template":"","meta":{"_mi_skip_tracking":false,"_monsterinsights_sitenote_active":false,"_monsterinsights_sitenote_note":"","_monsterinsights_sitenote_category":0},"_links":{"self":[{"href":"https:\/\/hec.dz\/newsite\/index.php?rest_route=\/wp\/v2\/pages\/4192"}],"collection":[{"href":"https:\/\/hec.dz\/newsite\/index.php?rest_route=\/wp\/v2\/pages"}],"about":[{"href":"https:\/\/hec.dz\/newsite\/index.php?rest_route=\/wp\/v2\/types\/page"}],"author":[{"embeddable":true,"href":"https:\/\/hec.dz\/newsite\/index.php?rest_route=\/wp\/v2\/users\/1"}],"replies":[{"embeddable":true,"href":"https:\/\/hec.dz\/newsite\/index.php?rest_route=%2Fwp%2Fv2%2Fcomments&post=4192"}],"version-history":[{"count":2,"href":"https:\/\/hec.dz\/newsite\/index.php?rest_route=\/wp\/v2\/pages\/4192\/revisions"}],"predecessor-version":[{"id":4194,"href":"https:\/\/hec.dz\/newsite\/index.php?rest_route=\/wp\/v2\/pages\/4192\/revisions\/4194"}],"up":[{"embeddable":true,"href":"https:\/\/hec.dz\/newsite\/index.php?rest_route=\/wp\/v2\/pages\/4146"}],"wp:attachment":[{"href":"https:\/\/hec.dz\/newsite\/index.php?rest_route=%2Fwp%2Fv2%2Fmedia&parent=4192"}],"curies":[{"name":"wp","href":"https:\/\/api.w.org\/{rel}","templated":true}]}}