{"id":3731,"date":"2020-08-05T18:53:18","date_gmt":"2020-08-05T16:53:18","guid":{"rendered":"http:\/\/hec.dz\/newsite\/?page_id=3731"},"modified":"2020-09-01T20:27:45","modified_gmt":"2020-09-01T18:27:45","slug":"recherche-scientifique","status":"publish","type":"page","link":"https:\/\/hec.dz\/newsite\/?page_id=3731&lang=fr","title":{"rendered":"La politique de recherche\u00a0"},"content":{"rendered":"<div style='padding-bottom:10px; ' class='av-special-heading av-special-heading-h3    avia-builder-el-0  el_before_av_one_full  avia-builder-el-first   '><h3 class='av-special-heading-tag '  itemprop=\"headline\"  >La politique de recherche <\/h3><div class='special-heading-border'><div class='special-heading-inner-border' ><\/div><\/div><\/div>\n<div class=\"flex_column av_one_full  flex_column_div av-zero-column-padding first  avia-builder-el-1  el_after_av_heading  avia-builder-el-last  \" style='border-radius:0px; '><section class=\"av_textblock_section \"  itemscope=\"itemscope\" itemtype=\"https:\/\/schema.org\/CreativeWork\" ><div class='avia_textblock  '   itemprop=\"text\" ><p><strong>\u00a0<\/strong><\/p>\n<p>Le besoin du d\u00e9veloppement de la recherche en Alg\u00e9rie demeure incontournable pour r\u00e9pondre \u00e0 la nouvelle politique de la croissance et du d\u00e9veloppement du pays.<\/p>\n<p>Une nouvelle politique de croissance ax\u00e9e sur la diversification de l\u2019\u00e9conomie nationale, lui permet de se lib\u00e9rer de la d\u00e9pendance renti\u00e8re.<\/p>\n<p>Le d\u00e9veloppement de l\u2019\u00e9conomie de la connaissance en Alg\u00e9rie repr\u00e9sente une alternative majeure pour appliquer cette nouvelle politique \u00e9conomique nationale, et pour r\u00e9pondre aux exigences de l\u2019\u00e9conomie du march\u00e9.<\/p>\n<p>L\u2019\u00e9cole des hautes \u00e9tudes commerciales (<a href=\"https:\/\/www.google.dz\/url?sa=t&amp;rct=j&amp;q=&amp;esrc=s&amp;source=web&amp;cd=1&amp;cad=rja&amp;uact=8&amp;ved=0ahUKEwjg5fTq_5nTAhUD8RQKHYDsCiMQFggYMAA&amp;url=http%3A%2F%2Fmree.gov.dz%2Fwp-content%2Fuploads%2F2016%2F10%2FF2009060.pdf&amp;usg=AFQjCNHySHRm70ze6N5qpen0VhVyZPfJmg&amp;sig2=gt-rqSVkG8Rg5rtqWItO7A\">D\u00e9cret ex\u00e9cutif n\u00b009-333 du 15 octobre 2009<\/a>), constitue un p\u00f4le d\u2019excellence de formation sup\u00e9rieure, elle assure une formation hautement qualifiante au profit diff\u00e9rents secteurs d\u2019activit\u00e9 (<u>D\u00e9cret\u00a0ex\u00e9cutif n\u00ba 16-176 du 9 Ramadhan 1437 correspondant au 14 juin 2016 fixant le statut-type de l&#8217;\u00e9cole sup\u00e9rieure<\/u>).<\/p>\n<p>Le caract\u00e8re scientifique, culturel et professionnel\u00a0 de l\u2019\u00e9cole l\u2019appelle participer au d\u00e9veloppement de la recherche nationale, par la participation dans des projets nationaux, comme le PNR (Programme national de recherche), ainsi que dans les projets universitaires (CNEPRU, PRFU)\u00a0;\u00a0\u00a0 conform\u00e9ment \u00e0 la (<u>loi n\u00b0 08-05 du 23 f\u00e9vrier 2008 portant la loi d\u2019orientation et de programme de projection sur la recherche scientifique et le d\u00e9veloppement technologique<\/u>).<\/p>\n<p>L\u2019\u00e9cole des hautes \u00e9tudes commerciales abrite deux laboratoires (PERMANAN &amp; MARKETIC) de recherche sp\u00e9cialis\u00e9s dans les sciences de gestion (<u>D\u00e9cret ex\u00e9cutif n\u00b0 19-231 du 12 Dhou El Hidja 1440 correspondant au 13 ao\u00fbt 2019 fixant les modalit\u00e9s de cr\u00e9ation, d&#8217;organisation et de fonctionnement des laboratoires de recherche.<\/u>), qui sont domicili\u00e9s au si\u00e8ge de l\u2019\u00e9cole depuis 2011.<\/p>\n<p>Les deux laboratoires abritent plusieurs \u00e9quipes de recherche qui travaillent sur diff\u00e9rentes th\u00e9matiques: L\u2019entrepreneuriat, les Technologie de l\u2019information et de la communication, la gouvernance des entreprises, le commerce international, les finances, l\u2019innovation, le mangement de la connaissance, la recherche marketing et la grande distribution, La relation universit\u00e9\/environnement socio-\u00e9conomique\u2026<\/p>\n<p>L\u2019existence d\u2019un champ de recherche \u00e0 l\u2019\u00e9cole, permet d\u2019assurer le r\u00f4le des enseignants chercheurs (<u>D\u00e9cret ex\u00e9cutif n\u00b0 08 130 du 27 Rabie Ethani 1429 correspondant au 3 mai\u00a02008 portant\u00a0statut\u00a0particulier de l\u2019enseignant chercheur<\/u>), et des doctorants (<u>D\u00e9cret ex\u00e9cutif n<strong>\u00b0 10<\/strong>&#8211;<strong>231\u00a0<\/strong>du 23 Chaoual 1431 correspondant au 2 octobre 2010 portant statut du doctorant<\/u>) au profit de la recherche scientifique et sa r\u00e9glementation en Alg\u00e9rie.<\/p>\n<\/div><\/section><\/div>\n","protected":false},"excerpt":{"rendered":"","protected":false},"author":1,"featured_media":0,"parent":4493,"menu_order":0,"comment_status":"closed","ping_status":"closed","template":"","meta":{"_mi_skip_tracking":false,"_monsterinsights_sitenote_active":false,"_monsterinsights_sitenote_note":"","_monsterinsights_sitenote_category":0},"_links":{"self":[{"href":"https:\/\/hec.dz\/newsite\/index.php?rest_route=\/wp\/v2\/pages\/3731"}],"collection":[{"href":"https:\/\/hec.dz\/newsite\/index.php?rest_route=\/wp\/v2\/pages"}],"about":[{"href":"https:\/\/hec.dz\/newsite\/index.php?rest_route=\/wp\/v2\/types\/page"}],"author":[{"embeddable":true,"href":"https:\/\/hec.dz\/newsite\/index.php?rest_route=\/wp\/v2\/users\/1"}],"replies":[{"embeddable":true,"href":"https:\/\/hec.dz\/newsite\/index.php?rest_route=%2Fwp%2Fv2%2Fcomments&post=3731"}],"version-history":[{"count":6,"href":"https:\/\/hec.dz\/newsite\/index.php?rest_route=\/wp\/v2\/pages\/3731\/revisions"}],"predecessor-version":[{"id":4492,"href":"https:\/\/hec.dz\/newsite\/index.php?rest_route=\/wp\/v2\/pages\/3731\/revisions\/4492"}],"up":[{"embeddable":true,"href":"https:\/\/hec.dz\/newsite\/index.php?rest_route=\/wp\/v2\/pages\/4493"}],"wp:attachment":[{"href":"https:\/\/hec.dz\/newsite\/index.php?rest_route=%2Fwp%2Fv2%2Fmedia&parent=3731"}],"curies":[{"name":"wp","href":"https:\/\/api.w.org\/{rel}","templated":true}]}}