{"id":3530,"date":"2020-06-30T10:47:23","date_gmt":"2020-06-30T08:47:23","guid":{"rendered":"http:\/\/hec.dz\/newsite\/?page_id=3530"},"modified":"2025-07-10T13:27:44","modified_gmt":"2025-07-10T11:27:44","slug":"qui-sommes-nous","status":"publish","type":"page","link":"https:\/\/hec.dz\/newsite\/?page_id=3530&lang=fr","title":{"rendered":"Qui sommes-nous ?"},"content":{"rendered":"<div class=\"flex_column av_one_half  flex_column_div av-zero-column-padding first  avia-builder-el-0  el_before_av_one_half  avia-builder-el-first  \" style='border-radius:0px; '><p><div style='padding-bottom:10px; ' class='av-special-heading av-special-heading-h2    avia-builder-el-1  el_before_av_hr  avia-builder-el-first   '><h2 class='av-special-heading-tag '  itemprop=\"headline\"  >Qui-sommes-nous<\/h2><div class='special-heading-border'><div class='special-heading-inner-border' ><\/div><\/div><\/div><br \/>\n<div style=' margin-top:10px; margin-bottom:10px;'  class='hr hr-custom hr-left hr-icon-no   avia-builder-el-2  el_after_av_heading  el_before_av_textblock  '><span class='hr-inner   inner-border-av-border-thin' style=' width:50px; border-color:#efbb20;' ><span class='hr-inner-style'><\/span><\/span><\/div><br \/>\n<section class=\"av_textblock_section \"  itemscope=\"itemscope\" itemtype=\"https:\/\/schema.org\/CreativeWork\" ><div class='avia_textblock  '   itemprop=\"text\" ><p>Depuis sa cr\u00e9ation dans les ann\u00e9es 1970, notre \u00e9tablissement (ex INC d\u2019Alger), ne cesse de tisser et de d\u00e9velopper des relations, de formation, de coop\u00e9ration et d\u2019accompagnement, avec les diff\u00e9rents organismes et entreprises publiques et priv\u00e9es. Ainsi, nos ressources humaines ont pu amonceler un capital intellectuel que nous mettons au service de la soci\u00e9t\u00e9 d\u2019aujourd\u2019hui.<\/p>\n<\/div><\/section><\/p><\/div>\n<div class=\"flex_column av_one_half  flex_column_div av-zero-column-padding   avia-builder-el-4  el_after_av_one_half  el_before_av_one_full  \" style='border-radius:0px; '><div class='avia-image-container  av-styling-    avia-builder-el-5  avia-builder-el-no-sibling   avia-align-center '  itemprop=\"image\" itemscope=\"itemscope\" itemtype=\"https:\/\/schema.org\/ImageObject\"  ><div class='avia-image-container-inner'><div class='avia-image-overlay-wrap'><img class='avia_image' src='https:\/\/hec.dz\/newsite\/wp-content\/uploads\/2020\/07\/qui-sommes-nous-300x199.jpg' alt='' title='Closeup of colleagues holding question mark on boards' height=\"199\" width=\"300\"  itemprop=\"thumbnailUrl\"  \/><\/div><\/div><\/div><\/div>\n<div class=\"flex_column av_one_full  flex_column_div av-zero-column-padding first  avia-builder-el-6  el_after_av_one_half  el_before_av_one_full  column-top-margin\" style='border-radius:0px; '><section class=\"av_textblock_section \"  itemscope=\"itemscope\" itemtype=\"https:\/\/schema.org\/CreativeWork\" ><div class='avia_textblock  '   itemprop=\"text\" ><p>L\u2019Ecole des Hautes Etudes Commerciales (Ecole HEC Alger) est un \u00e9tablissement public \u00e0 caract\u00e8re scientifique, culturel et professionnel dot\u00e9 de la personnalit\u00e9 morale et de l\u2019autonomie financi\u00e8re.<\/p>\n<p>L&#8217;\u00c9cole des Hautes \u00c9tudes Commerciales est enregistr\u00e9e aupr\u00e8s du <a href=\"https:\/\/ror.org\/05frye867\" target=\"_blank\" rel=\"noopener\">Registre des Organisations de Recherche (ROR)<\/a>.<\/p>\n<\/div><\/section><\/div><div class=\"flex_column av_one_full  flex_column_div av-zero-column-padding first  avia-builder-el-8  el_after_av_one_full  el_before_av_one_full  column-top-margin\" style='border-radius:0px; '><p><div style='padding-bottom:10px; ' class='av-special-heading av-special-heading-h2  blockquote modern-quote modern-centered  avia-builder-el-9  el_before_av_hr  avia-builder-el-first   '><h2 class='av-special-heading-tag '  itemprop=\"headline\"  >Notre mission<\/h2><div class='special-heading-border'><div class='special-heading-inner-border' ><\/div><\/div><\/div><br \/>\n<div style=' margin-top:30px; margin-bottom:30px;'  class='hr hr-custom hr-center hr-icon-yes   avia-builder-el-10  el_after_av_heading  el_before_av_textblock  '><span class='hr-inner   inner-border-av-border-thin' style=' width:50px; border-color:#5fa1e8;' ><span class='hr-inner-style'><\/span><\/span><span class='av-seperator-icon'  aria-hidden='true' data-av_icon='\ue808' data-av_iconfont='entypo-fontello'><\/span><span class='hr-inner   inner-border-av-border-thin' style=' width:50px; border-color:#5fa1e8;' ><span class='hr-inner-style'><\/span><\/span><\/div><br \/>\n<section class=\"av_textblock_section \"  itemscope=\"itemscope\" itemtype=\"https:\/\/schema.org\/CreativeWork\" ><div class='avia_textblock  '   itemprop=\"text\" ><p>Par r\u00e9f\u00e9rence au d\u00e9cret ex\u00e9cutif n\u00b0\u00a008-223 du 14 juillet 2008 portant transformation de l\u2019ex-INC en \u00e9cole hors universit\u00e9, l\u2019Ecole HEC Alger a pour missions\u00a0:<\/p>\n<ul>\n<li>D\u2019assurer la formation sup\u00e9rieure, la recherche scientifique et le d\u00e9veloppement technologique dans les diff\u00e9rents domaines du commerce.<\/li>\n<li>D\u2019assurer la formation des cadres de haut niveau sp\u00e9cialis\u00e9s en commerce.<\/li>\n<\/ul>\n<p>Ainsi, la contribution de l\u2019Ecole se fonde, dans une large mesure, sur le produit de la formation dispens\u00e9e. Dans ce sens, il est \u00e0 relever avec fiert\u00e9 que plusieurs hauts responsables alg\u00e9riens (dont des directeurs centraux au niveau des minist\u00e8res, ainsi que des directeurs g\u00e9n\u00e9raux d\u2019entreprises publiques et priv\u00e9es) en sont issus.<\/p>\n<p>De m\u00eame, de hauts cadres form\u00e9s par notre Ecole occupent, \u00e0 l\u2019\u00e9tranger, des fonctions importantes (Mauritanie, Mali, Tchad, Niger, S\u00e9n\u00e9gal, Guin\u00e9e \u00e9quatoriale, Mozambique, Cap-Vert, Guin\u00e9e Bissau, etc.).<br \/>\nL\u2019enseignement prodigu\u00e9 couvre le vaste domaine de la gestion d\u2019entreprise avec ses ramifications multiples et autres aspects du fonctionnement de l\u2019entreprise. Les diff\u00e9rentes sp\u00e9cialit\u00e9s \u2013 \u00e0 caract\u00e8re majoritairement commercial \u2013 que re\u00e7oivent nos \u00e9tudiants permettent des approches transversales et pluridisciplinaires qui peuvent les aider \u00e0 \u00e9clairer des pistes de recherche ou autrement \u00e0 asseoir un plan solide de carri\u00e8re.<\/p>\n<p>Avec plus de 50 ans d\u2019existence, l\u2019Ecole a assur\u00e9, \u00e0 travers ses diff\u00e9rentes restructurations, plusieurs formations qui ont \u00e9t\u00e9 d\u2019un apport ind\u00e9niable quant \u00e0 l\u2019\u00e9conomie au plan de gestion, voire de cr\u00e9ation d\u2019entreprises.<br \/>\nConcernant la graduation, l\u2019ex-ITC avait assur\u00e9 principalement deux formations, \u00e0 savoir Cadre de gestion commerciale (15 promotions) et Inspecteur principal du commerce (11 promotions). Pour sa part, l\u2019ex-INC a connu la sortie d\u2019une promotion de Technicien sup\u00e9rieur du commerce en 1987. Par contre, la formation de licence en sciences commerciales, qui a commenc\u00e9 avec l\u2019ex-INC, est encore assur\u00e9e avec l\u2019Ecole HEC pour les deux derni\u00e8res promotions en cours (3e et 4e ann\u00e9es). La sortie de la premi\u00e8re promotion de licence en sciences commerciales a eu lieu en 1988.<\/p>\n<p>A partir de l\u2019ann\u00e9e universitaire 2011-2012, l\u2019Ecole, avec son statut d\u2019\u00e9cole hors universit\u00e9, assure seulement la formation de master en sciences commerciales. A cet effet, sept choix de sp\u00e9cialisation sont pr\u00e9vus, en l\u2019occurrence :<\/p>\n<p><strong>\u2013 Master en Management et Entrepreneuriat,<\/strong><\/p>\n<p><strong>\u2013 Master en Commerce International ;<\/strong><\/p>\n<p><strong>\u2013 Master en Finances et Comptabilit\u00e9;<\/strong><\/p>\n<p><strong>\u2013 Master en Marketing Management;<\/strong><\/p>\n<p><strong>\u2013 Master en Marketing Digital;<\/strong><\/p>\n<p><strong>\u2013 Master en Distribution et Commerce Connect\u00e9s;<\/strong><\/p>\n<p><strong>\u2013 Master en Management de la chaine logistique.<\/strong><\/p>\n<p>Au m\u00eame titre, l\u2019\u00e9cole assure des formations doctorales de haut niveau en cycle L.M.D dans le domaine des sciences \u00e9conomiques, sciences de gestion et sciences commerciales. Les formations propos\u00e9es sont actualis\u00e9es chaque ann\u00e9e \u00e0 travers des Habilitations d\u00e9livr\u00e9es par le Minist\u00e8re de l\u2019enseignement sup\u00e9rieur et de la recherche scientifique, cela afin de r\u00e9pondre \u00e9troitement aux besoins du pays en termes de recherche scientifique et d\u2019impact \u00e9conomique. \u00a0Cela permet de proposer des formations en ad\u00e9quation avec les \u00e9volutions conjoncturelles dans notre pays est dans le monde \u00e0 savoir\u00a0: gouvernance des entreprises, entrepreneuriat, affaires internationales, marketing digital, distribution, marketing territorial, normalisation comptable et audit\u2026.L\u2019\u00e9cole compte aujourd\u2019hui 104 doctorants LMD et 161 doctorants sciences.<\/p>\n<p>Il est aussi \u00e0 noter que l\u2019Ecole des Hautes Etudes commerciales assure des formations de post-graduation sp\u00e9cialis\u00e9e (PGS) dans diff\u00e9rentes sp\u00e9cialit\u00e9s (Management, Marketing, audit et contr\u00f4le de gestion, ing\u00e9nierie financi\u00e8re, management de la logistique et des transports, Management leadership et strat\u00e9gie d&#8217;entreprise, gestion des ressources humaines, management des organisations de la sant\u00e9\u2026) ces formations sont dispens\u00e9es en partenariat avec diff\u00e9rentes structures et \u00e9coles de renom.<\/p>\n<\/div><\/section><\/p><\/div><\/p>\n<div class=\"flex_column av_one_full  flex_column_div av-zero-column-padding first  avia-builder-el-12  el_after_av_one_full  avia-builder-el-last  column-top-margin\" style='border-radius:0px; '><p><div style='padding-bottom:10px; ' class='av-special-heading av-special-heading-h2  blockquote modern-quote modern-centered  avia-builder-el-13  el_before_av_hr  avia-builder-el-first   '><h2 class='av-special-heading-tag '  itemprop=\"headline\"  >Notre histoire<\/h2><div class='special-heading-border'><div class='special-heading-inner-border' ><\/div><\/div><\/div><br \/>\n<div style=' margin-top:30px; margin-bottom:30px;'  class='hr hr-custom hr-center hr-icon-yes   avia-builder-el-14  el_after_av_heading  el_before_av_slideshow  '><span class='hr-inner   inner-border-av-border-thin' style=' width:50px; border-color:#5fa1e8;' ><span class='hr-inner-style'><\/span><\/span><span class='av-seperator-icon'  aria-hidden='true' data-av_icon='\ue808' data-av_iconfont='entypo-fontello'><\/span><span class='hr-inner   inner-border-av-border-thin' style=' width:50px; border-color:#5fa1e8;' ><span class='hr-inner-style'><\/span><\/span><\/div><br \/>\n<div  data-size='featured'  data-lightbox_size='large'  data-animation='slide'  data-conditional_play=''  data-ids='4041,4042'  data-video_counter='0'  data-autoplay='false'  data-bg_slider='false'  data-slide_height=''  data-handle='av_slideshow'  data-interval='5'  data-class=' avia-builder-el-15  el_after_av_hr  el_before_av_textblock   '  data-css_id=''  data-scroll_down=''  data-control_layout='av-control-default'  data-custom_markup=''  data-perma_caption=''  data-autoplay_stopper=''  data-image_attachment=''  data-min_height='0px'  data-default-height='28.666666666667'  class='avia-slideshow avia-slideshow-1  av-control-default av-default-height-applied avia-slideshow-featured av_slideshow  avia-builder-el-15  el_after_av_hr  el_before_av_textblock    avia-slide-slider '  itemprop=\"image\" itemscope=\"itemscope\" itemtype=\"https:\/\/schema.org\/ImageObject\" ><ul class='avia-slideshow-inner ' style='padding-bottom: 29.861111111111%;' ><li  class=' slide-1 ' ><div data-rel='slideshow-1' class='avia-slide-wrap '   ><img src='https:\/\/hec.dz\/newsite\/wp-content\/uploads\/2020\/08\/juin-1995-2-1440x430.jpg' width='1440' height='430' title='juin 1995' alt=''  itemprop=\"thumbnailUrl\"   \/><\/div><\/li><li  class=' slide-2 ' ><div data-rel='slideshow-1' class='avia-slide-wrap '   ><img src='https:\/\/hec.dz\/newsite\/wp-content\/uploads\/2020\/08\/promo2008-2-1500x430.jpg' width='1500' height='430' title='promo2008' alt=''  itemprop=\"thumbnailUrl\"   \/><\/div><\/li><\/ul><div class='avia-slideshow-arrows avia-slideshow-controls'><a href='#prev' class='prev-slide' aria-hidden='true' data-av_icon='\ue87c' data-av_iconfont='entypo-fontello'>Pr\u00e9c\u00e9dent<\/a><a href='#next' class='next-slide' aria-hidden='true' data-av_icon='\ue87d' data-av_iconfont='entypo-fontello'>Suivant<\/a><\/div><div class='avia-slideshow-dots avia-slideshow-controls'><a href='#1' class='goto-slide active' >1<\/a><a href='#2' class='goto-slide ' >2<\/a><\/div><\/div><br \/>\n<section class=\"av_textblock_section \"  itemscope=\"itemscope\" itemtype=\"https:\/\/schema.org\/CreativeWork\" ><div class='avia_textblock  '   itemprop=\"text\" ><p><strong>L\u2019Institut de Technologie du Commerce<\/strong> (ITC) a \u00e9t\u00e9 cr\u00e9\u00e9 en 1970 sur le site de Ben Aknoun (11 chemin Mokhtar DOUDOU) et plac\u00e9 sous la tutelle du Minist\u00e8re du Commerce. La contribution de l\u2019ITC s\u2019est manifest\u00e9e par un nombre cons\u00e9quent de cadres form\u00e9s au profit de diff\u00e9rents secteurs d\u2019activit\u00e9. A l\u2019\u00e9poque, l\u2019ITC assurait les missions suivantes\u00a0:<\/p>\n<ul>\n<li>formation de cadres de gestion commerciale, CGC en 3 ans pour des stagiaires de niveau de terminale\u00a0;<\/li>\n<li>formation d\u2019inspecteurs principaux du commerce, IPC en 4 ans, pour les titulaires d\u2019un baccalaur\u00e9at ;<\/li>\n<li>formation sp\u00e9cifique de courte dur\u00e9e pour les entreprises du secteur \u00e9conomique<\/li>\n<li>la r\u00e9alisation et le d\u00e9veloppement des travaux de recherche dans le domaine commercial\u00a0;<\/li>\n<li>l\u2019intervention \u00e0 titre de conseil aupr\u00e8s des entreprises.<\/li>\n<\/ul>\n<p>L\u2019ITC fut transform\u00e9 en <strong>Institut National de Commerce<\/strong> (INC) en ao\u00fbt 1983 et est rest\u00e9 sous la tutelle administrative du minist\u00e8re du commerce\u00a0et celle p\u00e9dagogique du minist\u00e8re de l\u2019enseignement sup\u00e9rieur et de la recherche scientifique en tant qu\u2019INFS (Institut National de Formation Sup\u00e9rieure)\u00a0; il y a gagn\u00e9 de nouvelles missions \u00e0 savoir\u00a0:<\/p>\n<ul>\n<li>formation sup\u00e9rieure avec notamment la licence \u00e8s sciences commerciales et ses trois sp\u00e9cialit\u00e9s (Commerce international, Marketing, Management) qui s\u2019est adress\u00e9e aux titulaires du baccalaur\u00e9at ayant r\u00e9ussi le concours d\u2019entr\u00e9e ; le Magister (sur concours aux d\u00e9tenteurs d\u2019une licence dans les m\u00eames trois sp\u00e9cialit\u00e9s) ; la PGS (post-graduation sp\u00e9cialis\u00e9e),<\/li>\n<li>recyclage et perfectionnement des cadres d\u2019entreprises, par le biais de la formation continue (adapt\u00e9e aux besoins qualitatifs des op\u00e9rateurs \u00e9conomiques),<\/li>\n<li>recherche gr\u00e2ce \u00e0 la revue des sciences commerciales et aux conf\u00e9rences th\u00e9matiques des \u00ab Lundis de l\u2019INC \u00bb.<\/li>\n<\/ul>\n<p>Les formations et recherches assur\u00e9es au sein de cet \u00e9tablissement ont valu \u00e0 d\u2019anciens \u00e9tudiants de l\u2019INC d\u2019\u00eatre recrut\u00e9s en tant qu\u2019enseignants permanents ce qui a permis de perp\u00e9tuer les traditions en mati\u00e8re d\u2019\u00e9ducation active test\u00e9es dans les ann\u00e9es 1970 par les VSNA fran\u00e7ais (Volontaires de Service National Actif) qui ont form\u00e9 le gros des enseignants de cet institut. La formation se d\u00e9roulait principalement en langue fran\u00e7aise, les langues arabe et anglaise venant en appoint tandis que les langues espagnole, allemande et italienne ont \u00e9t\u00e9 introduites dans le cursus. Les \u00e9tudiants \u00e9taient soumis \u00e0 deux stages durant leurs \u00e9tudes et devaient soutenir un m\u00e9moire en quatri\u00e8me ann\u00e9e pour obtenir leur dipl\u00f4me.<\/p>\n<p>La p\u00e9dagogie et les activit\u00e9s de recherche \u00e9taient plac\u00e9es sous l\u2019autorit\u00e9 d\u2019un Conseil p\u00e9dagogique qui comprenait sept environnements (langues, techniques quantitatives et informatique, \u00e9conomie, droit, marketing, management, comptabilit\u00e9). Sur le plan de la coop\u00e9ration, l\u2019INC a re\u00e7u plusieurs dizaines d\u2019\u00e9tudiants issus de l\u2019Afrique francophone et lusophone ainsi que du Maghreb\u00a0; un certain nombre d\u2019entre eux ont figur\u00e9 parmi les majors de promotion.<\/p>\n<p>En 1994, le 19 mai exactement (journ\u00e9e nationale de l\u2019\u00e9tudiant) a \u00e9t\u00e9 cr\u00e9\u00e9e au sein de l\u2019INC l\u2019association <strong>Start<\/strong> compos\u00e9e d\u2019\u00e9tudiants et d\u2019enseignants de cet institut et dont la devise a \u00e9t\u00e9 \u00ab\u00a0Lib\u00e9rons les \u00e9nergies\u00a0\u00bb. Start s\u2019est impliqu\u00e9e dans diverses activit\u00e9s\u00a0: culture, humanitaire, tourisme solidaire, loisirs (concerts). Sa revue est intitul\u00e9e \u00ab\u00a0Carpe diem\u00a0\u00bb. Les sportifs de Start ont particip\u00e9 de 1994 \u00e0 2013 au nom de leur institut dans diff\u00e9rents sports au T5B (Tournoi des cinq ballons) qu\u2019organise chaque mois d\u2019avril l\u2019\u00e9cole fran\u00e7aise de commerce de l\u2019ESSEC de Paris.<\/p>\n<p>En juin 1995, un arr\u00eat\u00e9 interminist\u00e9riel porta cr\u00e9ation de trois annexes de l\u2019Institut National de Commerce \u00e0 Adrar, Metlili (Wilaya de Ghardaia) et El Oued. Ces annexes avaient pour objet la formation des \u00e9tudiants de la r\u00e9gion du Sud de l\u2019Alg\u00e9rie conform\u00e9ment aux programmes d\u2019enseignement de l\u2019INC.<\/p>\n<p>Apr\u00e8s quelques ann\u00e9es de fonctionnement, ces annexes ont \u00e9t\u00e9 rattach\u00e9es \u00e0 des centres universitaires des wilayas respectives.<\/p>\n<p>A partir de f\u00e9vrier 1998, le pouvoir de tutelle administrative sur l\u2019Institut National de Commerce a \u00e9t\u00e9 transf\u00e9r\u00e9 du minist\u00e8re du commerce \u00e0 celui de l\u2019Enseignement Sup\u00e9rieur et de la Recherche Scientifique (qui avait d\u00e9j\u00e0 la tutelle p\u00e9dagogique). Ce transfert s\u2019est sold\u00e9 par une perte d\u2019autonomie de l\u2019INC (plus de recrutement par voie de concours).<\/p>\n<p>En ao\u00fbt 2000, l\u2019INC a \u00e9t\u00e9 transform\u00e9 en Institut National d\u2019Enseignement Sup\u00e9rieur. Par la suite, en juillet 2008, l\u2019Institut National de Commerce fut transform\u00e9 en \u00e9cole hors universit\u00e9 sous la d\u00e9nomination d\u2019\u00ab\u00a0<strong>Ecole Nationale Sup\u00e9rieure de Commerce<\/strong> (ENSC)\u00a0\u00bb. Ce nom ne r\u00e9pondant pas aux attentes du corps enseignant, en octobre 2009, la d\u00e9nomination de l\u2019ENSC a \u00e9t\u00e9 modifi\u00e9e en <strong>Ecole des Haute Etudes Commerciales<\/strong>, avec l\u2019acronyme de HEC Alger. Le 8 d\u00e9cembre 09 a \u00e9t\u00e9 adopt\u00e9 officiellement le logo de Hec Alger ainsi que sa devise\u00a0: <strong>\u201cEntreprendre et Innover\u201d<\/strong>. L\u2019\u00e9cole a \u00e9t\u00e9 habilit\u00e9e \u00e0 la formation doctorale et \u00e0 la date de son transfert vers le site de Kol\u00e9a (p\u00f4le universitaire) en septembre 2014, une vingtaine de th\u00e8ses avaient \u00e9t\u00e9 soutenues et une centaine \u00e9tait en cours.<br \/>\nEn 2011 ont vu le jour deux laboratoires de recherche au sein de Hec Alger\u00a0: MARKETIC (marketing et TIC) et PERMANAN (management, performance et innovation).<\/p>\n<p>Le syst\u00e8me de recrutement a \u00e9t\u00e9 modifi\u00e9<strong>,<\/strong>\u00a0les bacheliers passaient d\u2019abord par des classes pr\u00e9paratoires r\u00e9gionales (5 en tout) avant de rejoindre apr\u00e8s deux ans d\u2019\u00e9tude l\u2019une des grandes \u00e9coles de gestions suite \u00e0 un concours national. A la rentr\u00e9e 2015-2016, des classes pr\u00e9paratoires int\u00e9gr\u00e9es ont vu le jour au sein de Hec Alger. Les premi\u00e8res promotions du Doctorat du LMD ont \u00e9t\u00e9 recrut\u00e9es en septembre 2014.<\/p>\n<p>En tout, l\u2019Ecole a donc connu quatre d\u00e9nominations\u00a0:<\/p>\n<p>21 avril 1970\u00a0: Institut de Technologie du Commerce (ITC)<br \/>\n06 ao\u00fbt 1983\u00a0: Institut National de Commerce (INC Alger)<br \/>\n14 juillet 2008\u00a0: Ecole Nationale Sup\u00e9rieure de Commerce (ENSC)<br \/>\n12 octobre 2009\u00a0: Ecole des Hautes Etudes Commerciales (HEC Alger)<\/p>\n<p><strong>Anciens directeurs<\/strong>\u00a0:<\/p>\n<p>ITC-INC-HEC : M. Aouidad, M. Mokrani, M. Zerrouki, M. Abdelkrim Lakhal, M. R\u00e9da Bestandji, M. Kamel Yaich, M. M\u2019hamed Boukhalfa, M. Abdeldjebar Kebab, M. Messaoud Tafiani, M. Abdelmadjid Mesbah, M. Farouk Saim, M. Mohamed Berrag, M. Rachid Alliouche, M. Abdesselam Saadi, M. Houari Tigharsi, Nacer Daddi Addoun, Atemane LAkhlef et Mme Amel KASMI<br \/>\n<strong>Directeur actuel et pr\u00e9sident du CS<\/strong> :<\/p>\n<p>Mme KASMI Amel<\/p>\n<\/div><\/section><\/p><\/div>\n","protected":false},"excerpt":{"rendered":"","protected":false},"author":1,"featured_media":0,"parent":3528,"menu_order":0,"comment_status":"closed","ping_status":"closed","template":"","meta":{"_mi_skip_tracking":false,"_monsterinsights_sitenote_active":false,"_monsterinsights_sitenote_note":"","_monsterinsights_sitenote_category":0},"_links":{"self":[{"href":"https:\/\/hec.dz\/newsite\/index.php?rest_route=\/wp\/v2\/pages\/3530"}],"collection":[{"href":"https:\/\/hec.dz\/newsite\/index.php?rest_route=\/wp\/v2\/pages"}],"about":[{"href":"https:\/\/hec.dz\/newsite\/index.php?rest_route=\/wp\/v2\/types\/page"}],"author":[{"embeddable":true,"href":"https:\/\/hec.dz\/newsite\/index.php?rest_route=\/wp\/v2\/users\/1"}],"replies":[{"embeddable":true,"href":"https:\/\/hec.dz\/newsite\/index.php?rest_route=%2Fwp%2Fv2%2Fcomments&post=3530"}],"version-history":[{"count":20,"href":"https:\/\/hec.dz\/newsite\/index.php?rest_route=\/wp\/v2\/pages\/3530\/revisions"}],"predecessor-version":[{"id":19024,"href":"https:\/\/hec.dz\/newsite\/index.php?rest_route=\/wp\/v2\/pages\/3530\/revisions\/19024"}],"up":[{"embeddable":true,"href":"https:\/\/hec.dz\/newsite\/index.php?rest_route=\/wp\/v2\/pages\/3528"}],"wp:attachment":[{"href":"https:\/\/hec.dz\/newsite\/index.php?rest_route=%2Fwp%2Fv2%2Fmedia&parent=3530"}],"curies":[{"name":"wp","href":"https:\/\/api.w.org\/{rel}","templated":true}]}}