{"id":18497,"date":"2025-05-29T09:51:15","date_gmt":"2025-05-29T07:51:15","guid":{"rendered":"https:\/\/hec.dz\/newsite\/?page_id=18497"},"modified":"2025-05-29T10:11:07","modified_gmt":"2025-05-29T08:11:07","slug":"cati","status":"publish","type":"page","link":"https:\/\/hec.dz\/newsite\/?page_id=18497&lang=fr","title":{"rendered":"CATI"},"content":{"rendered":"<div class=\"flex_column av_one_fifth  flex_column_div av-zero-column-padding first  avia-builder-el-0  el_before_av_three_fifth  avia-builder-el-first  \" style='border-radius:0px; '><\/div>\n<div class=\"flex_column av_three_fifth  flex_column_div av-zero-column-padding   avia-builder-el-1  el_after_av_one_fifth  el_before_av_one_fifth  \" style='border-radius:0px; '><section class=\"av_textblock_section \"  itemscope=\"itemscope\" itemtype=\"https:\/\/schema.org\/CreativeWork\" ><div class='avia_textblock  '   itemprop=\"text\" ><p style=\"text-align: center;\"><em><span style=\"color: #ff6600;\">CATI EHEC Alger- Ecole des Hautes Eudes Commerciales<\/span><\/em><\/p>\n<p><img loading=\"lazy\" class=\"wp-image-18502 aligncenter\" src=\"https:\/\/hec.dz\/newsite\/wp-content\/uploads\/2025\/05\/CATI-300x77.jpg\" alt=\"\" width=\"872\" height=\"224\" srcset=\"https:\/\/hec.dz\/newsite\/wp-content\/uploads\/2025\/05\/CATI-300x77.jpg 300w, https:\/\/hec.dz\/newsite\/wp-content\/uploads\/2025\/05\/CATI-768x197.jpg 768w, https:\/\/hec.dz\/newsite\/wp-content\/uploads\/2025\/05\/CATI-705x181.jpg 705w, https:\/\/hec.dz\/newsite\/wp-content\/uploads\/2025\/05\/CATI-450x116.jpg 450w, https:\/\/hec.dz\/newsite\/wp-content\/uploads\/2025\/05\/CATI.jpg 1024w\" sizes=\"(max-width: 872px) 100vw, 872px\" \/><\/p>\n<\/div><\/section><\/div>\n<div class=\"flex_column av_one_fifth  flex_column_div av-zero-column-padding   avia-builder-el-3  el_after_av_three_fifth  el_before_av_heading  \" style='border-radius:0px; '><\/div>\n<div style='padding-bottom:10px; ' class='av-special-heading av-special-heading-h3    avia-builder-el-4  el_after_av_one_fifth  el_before_av_textblock   '><h3 class='av-special-heading-tag '  itemprop=\"headline\"  >Le Centre d\u2019appui \u00e0 la technologie et \u00e0 l\u2019innovation (CATI)<\/h3><div class='special-heading-border'><div class='special-heading-inner-border' ><\/div><\/div><\/div>\n<section class=\"av_textblock_section \"  itemscope=\"itemscope\" itemtype=\"https:\/\/schema.org\/CreativeWork\" ><div class='avia_textblock  '   itemprop=\"text\" ><p>Le CATI est une structure dont le r\u00f4le est d\u2019accompagner les enseignants, les chercheurs et les \u00e9tudiants en mati\u00e8re de propri\u00e9t\u00e9 industrielle\u00a0\u00e0 travers les services suivants\u00a0: acc\u00e8s aux bases des donn\u00e9es de brevets ; assistance et conseil en gestion de la propri\u00e9t\u00e9 intellectuelle (r\u00e9daction de brevets, commercialisation, \u2026), assistance et conseil dans la cr\u00e9ation d\u2019entreprises (d\u00e9p\u00f4t des marques, des dessins, mod\u00e8les industriels, \u2026)<\/p>\n<p>Le CATI a \u00e9t\u00e9 cr\u00e9\u00e9 au sein de l&#8217;incubateur l\u2019Ecole des Hautes Etudes Commerciales suite \u00e0 une convention sign\u00e9e entre l\u2019\u00e9cole des hautes \u00e9tudes commerciales (EHEC Alger) et l&#8217;Institut National Alg\u00e9rien de Propri\u00e9t\u00e9 Industrielle (INAPI)\u00a0le 11 juin 2023.<\/p>\n<p>Cette Convention vise \u00e0 r\u00e9aliser un ensemble d\u2019objectifs, notamment :<br \/>\n&#8211; L\u2019activation du r\u00f4le de l\u2019\u00e9cole \u00a0pour le d\u00e9veloppement de l\u2019innovation.<\/p>\n<p>&#8211; L\u2019encouragement \u00e0 la recherche scientifique et \u00e0 l\u2019innovation r\u00e9elle.<\/p>\n<p>&#8211; Cr\u00e9ation d\u2019un environnement favorable \u00e0 l\u2019innovation et au d\u00e9veloppement technologique.<\/p>\n<p>&#8211; Offrir des services d\u2019accompagnement et de soutien aux porteurs de projets innovants, inscription et protection du label commercial.<\/p>\n<p>&#8211; Soutien aux activit\u00e9s li\u00e9es \u00e0 la formation et \u00e0 la diffusion de la technologie.<\/p>\n<p>&#8211; Valorisation des r\u00e9sultats des innovations en collaboration avec l\u2019universit\u00e9 et diff\u00e9rentes institutions.<\/p>\n<ul>\n<li><strong><span style=\"color: #ff6600;\"><u>Mission du CATI<\/u><\/span><\/strong><\/li>\n<\/ul>\n<p>Le\u00a0programme de Centre d\u2019Appui \u00e0 la Technologie et \u00e0 l\u2019Innovation (CATI)\u00a0vise \u00e0 permettre aux porteurs des projets\u00a0 et innovateurs de\u00a0\u00a0 l\u2019\u00e9cole\u00a0 des hautes \u00e9tudes commerciales\u00a0 ou autres\u00a0\u00a0 \u00e9tablissements\u00a0 universitaires en d\u00e9veloppement communs \u00a0d\u2019avoir acc\u00e8s sur le plan local \u00e0 des services d\u2019information technologique et \u00e0 des services connexes de qualit\u00e9, dans le but de les aider \u00e0 exploiter pleinement leur potentiel d\u2019innovation et \u00e0 cr\u00e9er, prot\u00e9ger et g\u00e9rer leurs droits de\u00a0propri\u00e9t\u00e9 intellectuelle.<\/p>\n<p><strong><span style=\"color: #ff6600;\"><u>Les services offerts par les CATI comprennent<\/u>\u00a0:<\/span><\/strong><\/p>\n<p>&#8211;\u00a0 Acc\u00e8s aux sources \u00e9lectroniques des brevets et de non-brevets (scientifiques et techniques) et aux publications relatives \u00e0 la propri\u00e9t\u00e9 intellectuelle et industrielle.<br \/>\n&#8211;\u00a0 et accompagner les chercheurs dans leurs travaux, selon leurs besoins.<br \/>\n&#8211;\u00a0 Formation \u00e0 la recherche dans les bases de donn\u00e9es.<br \/>\n&#8211;\u00a0 Donner des explications et des informations sur la propri\u00e9t\u00e9 intellectuelle et industrielle.<\/p>\n<p>&#8211; Fournir des informations sur les proc\u00e9dures \u00a0de d\u00e9p\u00f4t de dossiers (brevets, marques, dessins et mod\u00e8les industriels\u2026 etc.), r\u00e9daction et enregistrement.<br \/>\n&#8211;\u00a0 Garantir la formation dans le domaine de l\u2019innovation<br \/>\n&#8211;\u00a0 Coop\u00e9ration et \u00e9change d\u2019exp\u00e9riences avec tous les organes li\u00e9s au centre.<\/p>\n<p>-La veille technologique et concurrentielle ;<\/p>\n<hr \/>\n<p><strong><span style=\"color: #ff6600;\"><u>Contact :<\/u><\/span><\/strong><br \/>\nResponsable du Centre d\u2019appui \u00e0 la technologie et \u00e0 l\u2019innovation \u2013 CATI-EHEC-<\/p>\n<p>Mme.Ouassila BENDJEDDOU<br \/>\nECOLE DES HAUTES ETUDES COMMERCIALES.<br \/>\nE-mail : <a href=\"mailto:formationcontinue7778@gmail.com\">formationcontinue7778@gmail.com<\/a><\/p>\n<\/div><\/section>\n","protected":false},"excerpt":{"rendered":"","protected":false},"author":6,"featured_media":0,"parent":0,"menu_order":0,"comment_status":"closed","ping_status":"closed","template":"","meta":{"_mi_skip_tracking":false,"_monsterinsights_sitenote_active":false,"_monsterinsights_sitenote_note":"","_monsterinsights_sitenote_category":0},"_links":{"self":[{"href":"https:\/\/hec.dz\/newsite\/index.php?rest_route=\/wp\/v2\/pages\/18497"}],"collection":[{"href":"https:\/\/hec.dz\/newsite\/index.php?rest_route=\/wp\/v2\/pages"}],"about":[{"href":"https:\/\/hec.dz\/newsite\/index.php?rest_route=\/wp\/v2\/types\/page"}],"author":[{"embeddable":true,"href":"https:\/\/hec.dz\/newsite\/index.php?rest_route=\/wp\/v2\/users\/6"}],"replies":[{"embeddable":true,"href":"https:\/\/hec.dz\/newsite\/index.php?rest_route=%2Fwp%2Fv2%2Fcomments&post=18497"}],"version-history":[{"count":13,"href":"https:\/\/hec.dz\/newsite\/index.php?rest_route=\/wp\/v2\/pages\/18497\/revisions"}],"predecessor-version":[{"id":19327,"href":"https:\/\/hec.dz\/newsite\/index.php?rest_route=\/wp\/v2\/pages\/18497\/revisions\/19327"}],"wp:attachment":[{"href":"https:\/\/hec.dz\/newsite\/index.php?rest_route=%2Fwp%2Fv2%2Fmedia&parent=18497"}],"curies":[{"name":"wp","href":"https:\/\/api.w.org\/{rel}","templated":true}]}}