{"id":18090,"date":"2025-05-15T10:54:41","date_gmt":"2025-05-15T08:54:41","guid":{"rendered":"https:\/\/hec.dz\/newsite\/?page_id=18090"},"modified":"2025-05-15T11:10:29","modified_gmt":"2025-05-15T09:10:29","slug":"etudiant-5-etoile","status":"publish","type":"page","link":"https:\/\/hec.dz\/newsite\/?page_id=18090&lang=fr","title":{"rendered":"Etudiant 5 \u00e9toile"},"content":{"rendered":"<div class=\"flex_column av_one_third  flex_column_div av-zero-column-padding first  avia-builder-el-0  el_before_av_one_third  avia-builder-el-first  \" style='border-radius:0px; '><\/div>\n<div class=\"flex_column av_one_third  flex_column_div av-zero-column-padding   avia-builder-el-1  el_after_av_one_third  el_before_av_one_third  \" style='border-radius:0px; '><div  data-size='featured'  data-lightbox_size='large'  data-animation='slide'  data-conditional_play=''  data-ids='18118'  data-video_counter='0'  data-autoplay='false'  data-bg_slider='false'  data-slide_height=''  data-handle='av_slideshow'  data-interval='5'  data-class=' avia-builder-el-2  avia-builder-el-no-sibling   '  data-css_id=''  data-scroll_down=''  data-control_layout='av-control-default'  data-custom_markup=''  data-perma_caption=''  data-autoplay_stopper=''  data-image_attachment=''  data-min_height='0px'  data-default-height='28.666666666667'  class='avia-slideshow avia-slideshow-1  av-control-default av-default-height-applied avia-slideshow-featured av_slideshow  avia-builder-el-2  avia-builder-el-no-sibling    avia-slide-slider '  itemprop=\"image\" itemscope=\"itemscope\" itemtype=\"https:\/\/schema.org\/ImageObject\" ><ul class='avia-slideshow-inner ' style='padding-bottom: 28.666666666667%;' ><li  class=' av-single-slide slide-1 ' ><div data-rel='slideshow-1' class='avia-slide-wrap '   ><img src='https:\/\/hec.dz\/newsite\/wp-content\/uploads\/2025\/05\/etudiant-5-et-4-1500x430.jpg' width='1500' height='430' title='etudiant 5 et' alt=''  itemprop=\"thumbnailUrl\"   \/><\/div><\/li><\/ul><\/div><\/div>\n<div class=\"flex_column av_one_third  flex_column_div av-zero-column-padding   avia-builder-el-3  el_after_av_one_third  el_before_av_hr  \" style='border-radius:0px; '><\/div>\n<div  class='hr hr-default   avia-builder-el-4  el_after_av_one_third  el_before_av_textblock '><span class='hr-inner ' ><span class='hr-inner-style'><\/span><\/span><\/div>\n<section class=\"av_textblock_section \"  itemscope=\"itemscope\" itemtype=\"https:\/\/schema.org\/CreativeWork\" ><div class='avia_textblock  '   itemprop=\"text\" ><p><strong>Souhaitez-vous simplement \u00eatre dipl\u00f4m\u00e9s\u2026 ou souhaitez-vous devenir des dipl\u00f4m\u00e9s 5 \u00e9toiles ?<\/strong><\/p>\n<p>Chers \u00e9tudiants de <strong>l\u2019Ecole des Hautes Etudes Commerciales<\/strong>,<\/p>\n<p>Nous sommes ravis de vous annoncer le lancement officiel du <strong>Dipl\u00f4me 5 \u00c9toiles<\/strong>, un programme d&#8217;excellence con\u00e7u pour booster vos comp\u00e9tences et votre employabilit\u00e9 !<\/p>\n<p>Chaque \u00e9toile repr\u00e9sente une \u00e9tape importante dans la construction d\u2019un profil \u00e9tudiant complet, \u00e0 la fois acad\u00e9mique, professionnel et humain.<\/p>\n<ol>\n<li><strong> Premi\u00e8re \u00e9toile : Performance acad\u00e9mique<\/strong><\/li>\n<\/ol>\n<p>\u00catre class\u00e9 parmi 10% des meilleurs \u00e9tudiants de la promotion pour chaque sp\u00e9cialit\u00e9<\/p>\n<ol start=\"2\">\n<li><strong> Deuxi\u00e8me \u00e9toile : Rapprochement avec l\u2019entreprise<\/strong><\/li>\n<\/ol>\n<p>En Participant \u00e0 des cas pratiques dans des entreprises en lien avec la formation (Attestation d\u00e9livr\u00e9e par l\u2019organisme d\u2019accueil)<\/p>\n<ol start=\"3\">\n<li><strong> Troisi\u00e8me \u00e9toile : D\u00e9veloppement des comp\u00e9tences professionnelles et transversales<\/strong><\/li>\n<\/ol>\n<ul>\n<li>Ayant suivi des formations en langues \u00e9trang\u00e8res.<\/li>\n<li>Ayant acqu\u00e9ri des comp\u00e9tences en logiciels sp\u00e9cialis\u00e9s ou outils de gestion.<\/li>\n<li>Et en participant \u00e0 des activit\u00e9s sportives, culturelles, ou organisation des conf\u00e9rences d\u00e9bat sur des th\u00e8mes de soci\u00e9t\u00e9s\u2026<\/li>\n<\/ul>\n<ol start=\"4\">\n<li><strong> Quatri\u00e8me \u00e9toile : Suivi d\u2019une formation \u00e0 distance ou en mobilit\u00e9 \u00e0 cr\u00e9dits<\/strong><\/li>\n<\/ol>\n<p>\u00catre inscrit et suivant des cours en ligne ou participant \u00e0 un programme de mobilit\u00e9 (programme Erasmus, MOOC, mobilit\u00e9 dans une autre r\u00e9gion).<\/p>\n<ol start=\"5\">\n<li><strong> Cinqui\u00e8me \u00e9toile : Implication et pr\u00e9occupations sociales<\/strong><\/li>\n<\/ol>\n<ul>\n<li>Ayant Particip\u00e9 \u00e0 des actions caritatives sociales ou acad\u00e9miques (visites d\u2019h\u00f4pitaux, soutien aux malades, etc.).<\/li>\n<li>\u00catre tuteur ou conseiller pour d&#8217;autres \u00e9tudiants.<\/li>\n<li>\u00catre d\u00e9l\u00e9gu\u00e9 \u00e9tudiant ou membre d\u2019un conseil p\u00e9dagogique.<\/li>\n<\/ul>\n<p><strong>&#8220;<\/strong><\/p>\n<p><strong>Comment postuler ?<\/strong><\/p>\n<ul>\n<li>A la fin du cursus, l\u2019\u00e9tudiant sera \u00e9valu\u00e9 sur les 5 \u00e9tapes par un jury mixte compos\u00e9 des membres de l\u2019\u00e9cole et des membres du monde socio-\u00e9conomique<\/li>\n<li>Les \u00e9tudiants 5 \u00e9toiles seront prim\u00e9s et b\u00e9n\u00e9ficieront d\u2019une priorit\u00e9 pour le recrutement par les entreprises partenaires d\u2019HEC<\/li>\n<li>Pour obtenir ce titre, l\u2019\u00e9tudiant doit soumettre un dossier contenant au moins un document justificatif pour chaque \u00e9toile<\/li>\n<\/ul>\n<p><a href=\"https:\/\/docs.google.com\/forms\/d\/e\/1FAIpQLSfAlLU3JqwBnsHQeMBoIqj2s-z53XPzFB4BdffwSxi3HTeUTg\/viewform?usp=header\">\ud83d\udd17 <strong>Lien d&#8217;inscription<\/strong><\/a><\/p>\n<p>\ud83d\udcc5 <strong>Date\u00a0 d&#8217;inscription <\/strong>\u00a0: [Du 20 mai au 25 juin 2025]<\/p>\n<p><a href=\"https:\/\/hec.dz\/newsite\/wp-content\/uploads\/2025\/05\/1410-ETUDIANT-5-ETOILES_250506_174446.pdf\"><strong>Etudiant 5 \u00e9toiles.pdf<\/strong><\/a><\/p>\n<p><strong>Ne manquez pas cette opportunit\u00e9 unique de vous d\u00e9marquer sur le march\u00e9 du travail !<\/strong><\/p>\n<p><strong>\u00c0 vous de choisir. \u00c0 vous d\u2019agir. \u00c0 vous de briller<\/strong><\/p>\n<\/div><\/section>\n","protected":false},"excerpt":{"rendered":"","protected":false},"author":6,"featured_media":18091,"parent":0,"menu_order":0,"comment_status":"closed","ping_status":"closed","template":"","meta":{"_mi_skip_tracking":false,"_monsterinsights_sitenote_active":false,"_monsterinsights_sitenote_note":"","_monsterinsights_sitenote_category":0},"_links":{"self":[{"href":"https:\/\/hec.dz\/newsite\/index.php?rest_route=\/wp\/v2\/pages\/18090"}],"collection":[{"href":"https:\/\/hec.dz\/newsite\/index.php?rest_route=\/wp\/v2\/pages"}],"about":[{"href":"https:\/\/hec.dz\/newsite\/index.php?rest_route=\/wp\/v2\/types\/page"}],"author":[{"embeddable":true,"href":"https:\/\/hec.dz\/newsite\/index.php?rest_route=\/wp\/v2\/users\/6"}],"replies":[{"embeddable":true,"href":"https:\/\/hec.dz\/newsite\/index.php?rest_route=%2Fwp%2Fv2%2Fcomments&post=18090"}],"version-history":[{"count":4,"href":"https:\/\/hec.dz\/newsite\/index.php?rest_route=\/wp\/v2\/pages\/18090\/revisions"}],"predecessor-version":[{"id":18139,"href":"https:\/\/hec.dz\/newsite\/index.php?rest_route=\/wp\/v2\/pages\/18090\/revisions\/18139"}],"wp:featuredmedia":[{"embeddable":true,"href":"https:\/\/hec.dz\/newsite\/index.php?rest_route=\/wp\/v2\/media\/18091"}],"wp:attachment":[{"href":"https:\/\/hec.dz\/newsite\/index.php?rest_route=%2Fwp%2Fv2%2Fmedia&parent=18090"}],"curies":[{"name":"wp","href":"https:\/\/api.w.org\/{rel}","templated":true}]}}