{"id":142,"date":"2015-10-22T15:32:34","date_gmt":"2015-10-22T13:32:34","guid":{"rendered":"http:\/\/test.kriesi.at\/construction\/?page_id=142"},"modified":"2025-05-15T11:14:44","modified_gmt":"2025-05-15T09:14:44","slug":"classes-preparatoires-integrees","status":"publish","type":"page","link":"https:\/\/hec.dz\/newsite\/?page_id=142&lang=fr","title":{"rendered":"D\u00e9partement de Classes Pr\u00e9paratoires"},"content":{"rendered":"<div class=\"flex_column av_one_half  av-animated-generic bottom-to-top  flex_column_div av-zero-column-padding first  avia-builder-el-0  el_before_av_one_half  avia-builder-el-first  \" style='border-radius:0px; '><p><div style='padding-bottom:0px; color:#0003c1;' class='av-special-heading av-special-heading-h1 custom-color-heading blockquote modern-quote modern-centered  avia-builder-el-1  el_before_av_textblock  avia-builder-el-first   '><h1 class='av-special-heading-tag '  itemprop=\"headline\"  >D\u00e9partement de Classes Pr\u00e9paratoires<\/h1><div class='special-heading-border'><div class='special-heading-inner-border' style='border-color:#0003c1'><\/div><\/div><\/div><br \/>\n<section class=\"av_textblock_section \"  itemscope=\"itemscope\" itemtype=\"https:\/\/schema.org\/CreativeWork\" ><div class='avia_textblock  av_inherit_color '  style='color:#001a91; '  itemprop=\"text\" ><hr \/>\n<p>Chef de d\u00e9partement : <span style=\"color: #000000;\"><strong>Pr ACILA Nabila<\/strong><\/span><\/p>\n<p>Email : <span style=\"color: #000000;\"><strong>acilabila@yahoo.fr<\/strong><\/span><\/p>\n<p>Bureau :<span style=\"color: #000000;\"><strong>A.55<\/strong><\/span><\/p>\n<p>Chef de service :\u00a0<span style=\"color: #000000;\"><strong>Mme\u00a0 CHAMI Hiba<\/strong><\/span><\/p>\n<p>Email :\u00a0<span style=\"color: #000000;\"><b> classespreparatoires2@gmail.com<\/b><\/span><\/p>\n<p>Chef de service :\u00a0<span style=\"color: #000000;\"><strong>Mme\u00a0 CHENNAH\u00a0 Souad<\/strong><\/span><\/p>\n<p>Email :\u00a0<span style=\"color: #000000;\"><b> premiereannee.cp@gmail.com<\/b><\/span><\/p>\n<p>Bureau :<span style=\"color: #000000;\"><strong>A.57<\/strong><\/span><\/p>\n<\/div><\/section><br \/>\n<div style=' margin-top:10px; margin-bottom:10px;'  class='hr hr-custom hr-left hr-icon-no   avia-builder-el-3  el_after_av_textblock  avia-builder-el-last '><span class='hr-inner   inner-border-av-border-fat' style=' width:50px; border-color:#efbb20;' ><span class='hr-inner-style'><\/span><\/span><\/div><\/p><\/div>\n<div class=\"flex_column av_one_half  av-animated-generic bottom-to-top  flex_column_div av-zero-column-padding   avia-builder-el-4  el_after_av_one_half  el_before_av_textblock  \" style='border-radius:0px; '><p><section class=\"av_textblock_section \"  itemscope=\"itemscope\" itemtype=\"https:\/\/schema.org\/CreativeWork\" ><div class='avia_textblock  '   itemprop=\"text\" ><p><span style=\"color: #ffffff;\">1111<\/span><\/p>\n<\/div><\/section><br \/>\n<section class=\"av_textblock_section \"  itemscope=\"itemscope\" itemtype=\"https:\/\/schema.org\/CreativeWork\" ><div class='avia_textblock  '   itemprop=\"text\" ><p><span style=\"color: #ffffff;\">11111<\/span><\/p>\n<\/div><\/section><br \/>\n<section class=\"av_textblock_section \"  itemscope=\"itemscope\" itemtype=\"https:\/\/schema.org\/CreativeWork\" ><div class='avia_textblock  '   itemprop=\"text\" ><p><span style=\"color: #ffffff;\">111<\/span><\/p>\n<\/div><\/section><br \/>\n<section class=\"av_textblock_section \"  itemscope=\"itemscope\" itemtype=\"https:\/\/schema.org\/CreativeWork\" ><div class='avia_textblock  '   itemprop=\"text\" ><\/div><\/section><br \/>\n<div class='avia-image-container  av-styling-circle    avia-builder-el-9  el_after_av_textblock  avia-builder-el-last   avia-align-center '  itemprop=\"image\" itemscope=\"itemscope\" itemtype=\"https:\/\/schema.org\/ImageObject\"  ><div class='avia-image-container-inner'><div class='avia-image-overlay-wrap'><img class='avia_image' src='https:\/\/hec.dz\/newsite\/wp-content\/uploads\/2020\/06\/prepa-300x127.jpg' alt='' title='prepa' height=\"127\" width=\"300\"  itemprop=\"thumbnailUrl\"  \/><\/div><\/div><\/div><\/p><\/div>\n<section class=\"av_textblock_section \"  itemscope=\"itemscope\" itemtype=\"https:\/\/schema.org\/CreativeWork\" ><div class='avia_textblock  av_inherit_color '  style='color:#000154; '  itemprop=\"text\" ><h3><span style=\"color: #000080;\"><strong>Pr\u00e9sentation\u00a0de la formation\u00a0: <\/strong><\/span><\/h3>\n<p><span style=\"color: #000000;\">L\u2019acc\u00e8s au Cycle Pr\u00e9paratoire de l\u2019Ecole des Hautes Etudes Commerciales est ouvert aux candidats titulaires d\u2019un BAC de l\u2019enseignement secondaire. La s\u00e9lection des candidats se fait sur la base d\u2019un seuil d\u00e9termin\u00e9 par une moyenne minimale et d\u2019un quota allou\u00e9 \u00e0 l\u2019\u00e9cole, pr\u00e9alablement fix\u00e9 par la tutelle.<\/span><\/p>\n<p><span style=\"color: #000000;\">La formation pr\u00e9paratoire s\u2019\u00e9tale sur deux (2) ann\u00e9es r\u00e9parties en quatre (4) semestres th\u00e9oriques. Les enseignements dispens\u00e9s couvrent des modules des unit\u00e9s\u00a0 d\u2019enseignement (U.E) fondamentale, transversale et d\u00e9couverte constituant principalement des connaissances th\u00e9oriques et techniques de base pour le second cycle.<\/span><\/p>\n<ul>\n<li><strong><a href=\"https:\/\/hec.dz\/newsite\/wp-content\/uploads\/2025\/04\/Arrete-N\u00b0-1199.pdf\" target=\"_blank\" rel=\"noopener\">Arr\u00eater n\u00b0 1199.pdf\u00a0 du 08 novembre 2021 Fixant le programme p\u00e9dagogique des classes pr\u00e9paratoires en Sciences Economique, de Gestion et Commerciales.pdf<\/a><\/strong><\/li>\n<\/ul>\n<h3>La Liste des Enseignants\u00a0 Permanents \/ 2024-2025<\/h3>\n<table style=\"height: 1582px;\" width=\"653\">\n<tbody>\n<tr>\n<td colspan=\"2\" width=\"1417\"><\/td>\n<\/tr>\n<tr>\n<td><\/td>\n<td><\/td>\n<\/tr>\n<tr>\n<td style=\"text-align: center;\" width=\"616\"><strong><span style=\"color: #000000;\">MODULE<\/span><\/strong><\/td>\n<td style=\"text-align: center;\" width=\"801\"><strong><span style=\"color: #000000;\">NOM ET PRENOM<\/span><\/strong><\/td>\n<\/tr>\n<tr>\n<td rowspan=\"3\" width=\"616\"><strong><span style=\"color: #000000;\">Comptabilit\u00e9\u00a0 Financi\u00e8re<\/span><\/strong><\/td>\n<td width=\"801\"><strong><span style=\"color: #000000;\">Mr CHENNOUFI Noureddine<\/span><\/strong><\/td>\n<\/tr>\n<tr>\n<td width=\"801\"><strong><span style=\"color: #000000;\">Mr BOUZIDI Khalil<\/span><\/strong><\/td>\n<\/tr>\n<tr>\n<td width=\"801\"><strong><span style=\"color: #000000;\">Mme AIT MEZIANE SALIMA<\/span><\/strong><\/td>\n<\/tr>\n<tr>\n<td rowspan=\"2\" width=\"616\"><strong><span style=\"color: #000000;\">ANALYSE MATH<\/span><\/strong><\/td>\n<td width=\"801\"><strong><span style=\"color: #000000;\">Mr BENHANNA HAKIM<\/span><\/strong><\/td>\n<\/tr>\n<tr>\n<td width=\"801\"><strong><span style=\"color: #000000;\">Mme RABEHI Nadjet<\/span><\/strong><\/td>\n<\/tr>\n<tr>\n<td rowspan=\"3\" width=\"616\"><strong><span style=\"color: #000000;\">ALGEBRE<\/span><\/strong><\/td>\n<td width=\"801\"><strong><span style=\"color: #000000;\">Mr Aggoun karime<\/span><\/strong><\/td>\n<\/tr>\n<tr>\n<td width=\"801\"><strong><span style=\"color: #000000;\">Mme SALAH SALMA<\/span><\/strong><\/td>\n<\/tr>\n<tr>\n<td width=\"801\"><strong><span style=\"color: #000000;\">Mme KENANE Radia<\/span><\/strong><\/td>\n<\/tr>\n<tr>\n<td rowspan=\"2\" width=\"616\"><strong><span style=\"color: #000000;\">ECONOMIE GENERALE<\/span><\/strong><\/td>\n<td width=\"801\"><strong><span style=\"color: #000000;\">Mr ZEKKARI MOHAMED<\/span><\/strong><\/td>\n<\/tr>\n<tr>\n<td width=\"801\"><strong><span style=\"color: #000000;\">Mr\u00a0 MOKRANI HAMID<\/span><\/strong><\/td>\n<\/tr>\n<tr>\n<td rowspan=\"3\" width=\"616\"><strong><span style=\"color: #000000;\">PROBABILITE<\/span><\/strong><\/td>\n<td width=\"801\"><strong><span style=\"color: #000000;\">Mme CHATER AMINA<\/span><\/strong><\/td>\n<\/tr>\n<tr>\n<td width=\"801\"><strong><span style=\"color: #000000;\">Mme BOUGUETTAYA YASMINE<\/span><\/strong><\/td>\n<\/tr>\n<tr>\n<td width=\"801\"><strong><span style=\"color: #000000;\">BOUGRIBA CHAHINEZ<\/span><\/strong><\/td>\n<\/tr>\n<tr>\n<td><strong><span style=\"color: #000000;\">Intro<\/span><\/strong><\/td>\n<td width=\"801\"><strong><span style=\"color: #000000;\">Mme SETTI ZAKIA<\/span><\/strong><\/td>\n<\/tr>\n<tr>\n<td width=\"616\"><strong><span style=\"color: #000000;\">INFORMATIQUE -En ligne<\/span><\/strong><\/td>\n<td width=\"801\"><strong><span style=\"color: #000000;\">Mme HOADJLI\u00a0 ABIR<\/span><\/strong><\/td>\n<\/tr>\n<tr>\n<td width=\"616\"><strong><span style=\"color: #000000;\">FONDEMENT DU DROIT<\/span><\/strong><\/td>\n<td width=\"801\"><strong><span style=\"color: #000000;\">Mme BELLOULA SAKINA<\/span><\/strong><\/td>\n<\/tr>\n<tr>\n<td rowspan=\"4\" width=\"616\"><strong><span style=\"color: #000000;\">Fran\u00e7ais<\/span><\/strong><\/td>\n<td width=\"801\"><strong><span style=\"color: #000000;\">Mr LARKECHE SEDDIK<\/span><\/strong><\/td>\n<\/tr>\n<tr>\n<td width=\"801\"><strong><span style=\"color: #000000;\">Mme DJEMA HASSIBA<\/span><\/strong><\/td>\n<\/tr>\n<tr>\n<td width=\"801\"><strong><span style=\"color: #000000;\">Mme MECHTOUR RADIA<\/span><\/strong><\/td>\n<\/tr>\n<tr>\n<td width=\"801\"><strong><span style=\"color: #000000;\">Mme BIRI MOUFIDA<\/span><\/strong><\/td>\n<\/tr>\n<tr>\n<td rowspan=\"2\"><strong><span style=\"color: #000000;\">Anglais<\/span><\/strong><\/td>\n<td width=\"801\"><strong><span style=\"color: #000000;\">Mme BELMEHDI FELLA<\/span><\/strong><\/td>\n<\/tr>\n<tr>\n<td width=\"801\"><strong><span style=\"color: #000000;\">Mme KADRI KHADIDJA<\/span><\/strong><\/td>\n<\/tr>\n<tr>\n<td rowspan=\"3\" width=\"616\"><strong><span style=\"color: #000000;\">COMPT de GESTION<\/span><\/strong><\/td>\n<td width=\"801\"><strong><span style=\"color: #000000;\">Mr CHELLALI RACHID<\/span><\/strong><\/td>\n<\/tr>\n<tr>\n<td width=\"801\"><strong><span style=\"color: #000000;\">Mr BOURI SEDDIK<\/span><\/strong><\/td>\n<\/tr>\n<tr>\n<td width=\"801\"><strong><span style=\"color: #000000;\">Mr DAI RANIA<\/span><\/strong><\/td>\n<\/tr>\n<tr>\n<td rowspan=\"2\" width=\"616\"><strong><span style=\"color: #000000;\">ANALYSE MATH<\/span><\/strong><\/td>\n<td width=\"801\"><strong><span style=\"color: #000000;\">Mme NEKRI MOUNIRA<\/span><\/strong><\/td>\n<\/tr>\n<tr>\n<td width=\"801\"><strong><span style=\"color: #000000;\">Mr AGGOUN KARIM<\/span><\/strong><\/td>\n<\/tr>\n<tr>\n<td rowspan=\"2\" width=\"616\"><strong><span style=\"color: #000000;\">ALGEBRE<\/span><\/strong><\/td>\n<td width=\"801\"><strong><span style=\"color: #000000;\">Mme KOUICI SALIMA<\/span><\/strong><\/td>\n<\/tr>\n<tr>\n<td width=\"801\"><strong><span style=\"color: #000000;\">Mr REZGUI HICHAM<\/span><\/strong><\/td>\n<\/tr>\n<tr>\n<td rowspan=\"2\" width=\"616\"><strong><span style=\"color: #000000;\">PROBABILITE<\/span><\/strong><\/td>\n<td width=\"801\"><strong><span style=\"color: #000000;\">Mme SOUIDI RIMA<\/span><\/strong><\/td>\n<\/tr>\n<tr>\n<td width=\"801\"><strong><span style=\"color: #000000;\">Mme ALLOUAT ASMA<\/span><\/strong><\/td>\n<\/tr>\n<tr>\n<td rowspan=\"2\" width=\"616\"><strong><span style=\"color: #000000;\">MICRO ECONOMIE<\/span><\/strong><\/td>\n<td width=\"801\"><strong><span style=\"color: #000000;\">Mr\u00a0 IDIR ABDELHAFID<\/span><\/strong><\/td>\n<\/tr>\n<tr>\n<td width=\"801\"><strong><span style=\"color: #000000;\">Mr DADI IBRAHIM<\/span><\/strong><\/td>\n<\/tr>\n<tr>\n<td rowspan=\"2\" width=\"616\"><strong><span style=\"color: #000000;\">Fran\u00e7ais<\/span><\/strong><\/td>\n<td><strong><span style=\"color: #000000;\">Mme HADDAD IMENE<\/span><\/strong><\/td>\n<\/tr>\n<tr>\n<td><strong><span style=\"color: #000000;\">ELANDALOUSSI ZAZA<\/span><\/strong><\/td>\n<\/tr>\n<tr>\n<td width=\"616\"><strong><span style=\"color: #000000;\">Anglais<\/span><\/strong><\/td>\n<td width=\"801\"><strong><span style=\"color: #000000;\">Mme BENANTAR\u00a0 IBTISSEM<\/span><\/strong><\/td>\n<\/tr>\n<\/tbody>\n<\/table>\n<\/div><\/section>\n<section class=\"av_textblock_section \"  itemscope=\"itemscope\" itemtype=\"https:\/\/schema.org\/CreativeWork\" ><div class='avia_textblock  '   itemprop=\"text\" ><h3 style=\"text-align: center;\"><span style=\"color: #000000;\"><strong>Programme P\u00e9dagogique<\/strong><\/span><\/h3>\n<p><span style=\"color: #000000;\"><strong>\u00a0<\/strong><\/span><\/p>\n<p><span style=\"color: #000000;\"><strong>Programme Premi\u00e8re Ann\u00e9e:<\/strong><\/span><\/p>\n<table>\n<tbody>\n<tr>\n<td rowspan=\"4\" width=\"264\"><span style=\"color: #000000;\"><strong>Ensemble Math\u00e9matiques<\/strong><\/span><\/td>\n<td width=\"208\"><span style=\"color: #000000;\">Alg\u00e8bre<\/span><\/td>\n<\/tr>\n<tr>\n<td width=\"208\"><span style=\"color: #000000;\">Analyse Math\u00e9matiques<\/span><\/td>\n<\/tr>\n<tr>\n<td width=\"208\"><span style=\"color: #000000;\">Statistique Descriptive<\/span><\/td>\n<\/tr>\n<tr>\n<td width=\"208\"><span style=\"color: #000000;\">Probabilit\u00e9<\/span><\/td>\n<\/tr>\n<tr>\n<td rowspan=\"3\" width=\"264\"><span style=\"color: #000000;\"><strong>Ensemble Technique de Gestion<\/strong><\/span><\/td>\n<td width=\"208\"><span style=\"color: #000000;\">Economie G\u00e9n\u00e9rale<\/span><\/td>\n<\/tr>\n<tr>\n<td width=\"208\"><span style=\"color: #000000;\">Comptabilit\u00e9 Financi\u00e8re<\/span><\/td>\n<\/tr>\n<tr>\n<td width=\"208\"><span style=\"color: #000000;\">Micro\u00e9conomie<\/span><\/td>\n<\/tr>\n<tr>\n<td rowspan=\"2\" width=\"264\"><span style=\"color: #000000;\"><strong>Ensemble Langues<\/strong><\/span><\/td>\n<td width=\"208\"><span style=\"color: #000000;\">Fran\u00e7ais<\/span><\/td>\n<\/tr>\n<tr>\n<td width=\"208\"><span style=\"color: #000000;\">Anglais<\/span><\/td>\n<\/tr>\n<tr>\n<td rowspan=\"3\" width=\"264\"><span style=\"color: #000000;\"><strong>Ensemble Culture G\u00e9n\u00e9rale<\/strong><\/span><\/td>\n<td width=\"208\"><span style=\"color: #000000;\">Informatique<\/span><\/td>\n<\/tr>\n<tr>\n<td width=\"208\"><span style=\"color: #000000;\">Droit<\/span><\/td>\n<\/tr>\n<tr>\n<td width=\"208\"><span style=\"color: #000000;\">Philosophie<\/span><\/td>\n<\/tr>\n<\/tbody>\n<\/table>\n<p><span style=\"color: #000000;\"><strong>\u00a0<\/strong><\/span><\/p>\n<p><span style=\"color: #000000;\"><strong>Programme Deuxi\u00e8me Ann\u00e9e:<\/strong><\/span><\/p>\n<table>\n<tbody>\n<tr>\n<td rowspan=\"3\" width=\"264\"><span style=\"color: #000000;\"><strong>Ensemble Math\u00e9matiques<\/strong><\/span><\/td>\n<td width=\"236\"><span style=\"color: #000000;\">Alg\u00e8bre<\/span><\/td>\n<\/tr>\n<tr>\n<td width=\"236\"><span style=\"color: #000000;\">Analyse Math\u00e9matiques<\/span><\/td>\n<\/tr>\n<tr>\n<td width=\"236\"><span style=\"color: #000000;\">Probabilit\u00e9<\/span><\/td>\n<\/tr>\n<tr>\n<td rowspan=\"3\" width=\"264\"><span style=\"color: #000000;\"><strong>Ensemble Technique de Gestion<\/strong><\/span><\/td>\n<td width=\"236\"><span style=\"color: #000000;\">Analyse financi\u00e8re<\/span><\/td>\n<\/tr>\n<tr>\n<td width=\"236\"><span style=\"color: #000000;\">Comptabilit\u00e9 Analytique<\/span><\/td>\n<\/tr>\n<tr>\n<td width=\"236\"><span style=\"color: #000000;\">Macro\u00e9conomie<\/span><\/td>\n<\/tr>\n<tr>\n<td rowspan=\"2\" width=\"264\"><span style=\"color: #000000;\"><strong>Ensemble Langues<\/strong><\/span><\/td>\n<td width=\"236\"><span style=\"color: #000000;\">Fran\u00e7ais<\/span><\/td>\n<\/tr>\n<tr>\n<td width=\"236\"><span style=\"color: #000000;\">Anglais<\/span><\/td>\n<\/tr>\n<\/tbody>\n<\/table>\n<\/div><\/section>\n","protected":false},"excerpt":{"rendered":"","protected":false},"author":1,"featured_media":0,"parent":25,"menu_order":0,"comment_status":"closed","ping_status":"closed","template":"","meta":{"_mi_skip_tracking":false,"_monsterinsights_sitenote_active":false,"_monsterinsights_sitenote_note":"","_monsterinsights_sitenote_category":0},"_links":{"self":[{"href":"https:\/\/hec.dz\/newsite\/index.php?rest_route=\/wp\/v2\/pages\/142"}],"collection":[{"href":"https:\/\/hec.dz\/newsite\/index.php?rest_route=\/wp\/v2\/pages"}],"about":[{"href":"https:\/\/hec.dz\/newsite\/index.php?rest_route=\/wp\/v2\/types\/page"}],"author":[{"embeddable":true,"href":"https:\/\/hec.dz\/newsite\/index.php?rest_route=\/wp\/v2\/users\/1"}],"replies":[{"embeddable":true,"href":"https:\/\/hec.dz\/newsite\/index.php?rest_route=%2Fwp%2Fv2%2Fcomments&post=142"}],"version-history":[{"count":35,"href":"https:\/\/hec.dz\/newsite\/index.php?rest_route=\/wp\/v2\/pages\/142\/revisions"}],"predecessor-version":[{"id":18968,"href":"https:\/\/hec.dz\/newsite\/index.php?rest_route=\/wp\/v2\/pages\/142\/revisions\/18968"}],"up":[{"embeddable":true,"href":"https:\/\/hec.dz\/newsite\/index.php?rest_route=\/wp\/v2\/pages\/25"}],"wp:attachment":[{"href":"https:\/\/hec.dz\/newsite\/index.php?rest_route=%2Fwp%2Fv2%2Fmedia&parent=142"}],"curies":[{"name":"wp","href":"https:\/\/api.w.org\/{rel}","templated":true}]}}