{"id":140,"date":"2015-10-22T15:32:14","date_gmt":"2015-10-22T13:32:14","guid":{"rendered":"http:\/\/test.kriesi.at\/construction\/?page_id=140"},"modified":"2025-07-21T12:20:55","modified_gmt":"2025-07-21T10:20:55","slug":"sciences-commerciales","status":"publish","type":"page","link":"https:\/\/hec.dz\/newsite\/?page_id=140&lang=fr","title":{"rendered":"Le d\u00e9partement des sciences commerciales"},"content":{"rendered":"<div class=\"flex_column av_one_full  flex_column_div av-zero-column-padding first  avia-builder-el-0  el_before_av_one_full  avia-builder-el-first  \" style='border-radius:0px; '><div style='padding-bottom:0px; color:#00167a;' class='av-special-heading av-special-heading-h1 custom-color-heading blockquote modern-quote modern-centered  avia-builder-el-1  avia-builder-el-no-sibling   '><h1 class='av-special-heading-tag '  itemprop=\"headline\"  >Le d\u00e9partement des sciences commerciales<\/h1><div class='special-heading-border'><div class='special-heading-inner-border' style='border-color:#00167a'><\/div><\/div><\/div><\/div>\n<div class=\"flex_column av_one_full  flex_column_div av-zero-column-padding first  avia-builder-el-2  el_after_av_one_full  el_before_av_one_half  column-top-margin\" style='border-radius:0px; '><\/div>\n<div class=\"flex_column av_one_half  av-animated-generic bottom-to-top  flex_column_div av-zero-column-padding first  avia-builder-el-3  el_after_av_one_full  el_before_av_one_half  column-top-margin\" style='margin-top:0px; margin-bottom:0px; border-radius:0px; '><p><section class=\"av_textblock_section \"  itemscope=\"itemscope\" itemtype=\"https:\/\/schema.org\/CreativeWork\" ><div class='avia_textblock  '   itemprop=\"text\" ><\/div><\/section><br \/>\n<section class=\"av_textblock_section \"  itemscope=\"itemscope\" itemtype=\"https:\/\/schema.org\/CreativeWork\" ><div class='avia_textblock  '   itemprop=\"text\" ><p><span style=\"color: #000000;\">Chef de d\u00e9partement : <strong>Dr MEGHARI Randa<\/strong><\/span><\/p>\n<p><span style=\"color: #000000;\">Email :<\/span> <strong><a href=\"mailto:r.meghari@hec.dz\" target=\"_blank\" rel=\"noopener\">r.meghari@hec.dz<\/a><\/strong><\/p>\n<p><span style=\"color: #000000;\">Bureau : <strong>59<\/strong><\/span><\/p>\n<\/div><\/section><br \/>\n<div style=' margin-top:10px; margin-bottom:10px;'  class='hr hr-custom hr-left hr-icon-no   avia-builder-el-6  el_after_av_textblock  avia-builder-el-last  '><span class='hr-inner   inner-border-av-border-fat' style=' width:50px; border-color:#efbb20;' ><span class='hr-inner-style'><\/span><\/span><\/div><\/p><\/div>\n<div class=\"flex_column av_one_half  av-animated-generic bottom-to-top  flex_column_div av-zero-column-padding   avia-builder-el-7  el_after_av_one_half  el_before_av_one_full  column-top-margin\" style='margin-top:0px; margin-bottom:0px; border-radius:0px; '><div class='avia-image-container  av-styling-no-styling    avia-builder-el-8  avia-builder-el-no-sibling   avia-align-center '  itemprop=\"image\" itemscope=\"itemscope\" itemtype=\"https:\/\/schema.org\/ImageObject\"  ><div class='avia-image-container-inner'><div class='avia-image-overlay-wrap'><img class='avia_image' src='https:\/\/hec.dz\/newsite\/wp-content\/uploads\/2020\/06\/61-300x200.jpg' alt='' title='61' height=\"200\" width=\"300\"  itemprop=\"thumbnailUrl\"  \/><\/div><\/div><\/div><\/div>\n<div class=\"flex_column av_one_full  flex_column_div av-zero-column-padding first  avia-builder-el-9  el_after_av_one_half  el_before_av_one_full  column-top-margin\" style='border-radius:0px; '><section class=\"av_textblock_section \"  itemscope=\"itemscope\" itemtype=\"https:\/\/schema.org\/CreativeWork\" ><div class='avia_textblock  '   itemprop=\"text\" ><h3><span style=\"color: #000080;\">ARR\u00caTE :<\/span><\/h3>\n<hr \/>\n<ul>\n<li>\n<h4><strong>\u00a0<\/strong><\/h4>\n<\/li>\n<\/ul>\n<\/div><\/section><br \/>\n<section class=\"av_textblock_section \"  itemscope=\"itemscope\" itemtype=\"https:\/\/schema.org\/CreativeWork\" ><div class='avia_textblock  '   itemprop=\"text\" ><h3><span style=\"color: #000080;\">PROGRAMME :<\/span><\/h3>\n<hr \/>\n<ul>\n<li>\n<h4><strong><span style=\"color: #0000ff;\"><a style=\"color: #0000ff;\" href=\"https:\/\/hec.dz\/newsite\/wp-content\/uploads\/2025\/05\/Arrete-Tronc-Commu_Semestres-01-02.pdf\" target=\"_blank\" rel=\"noopener\">Programme Tronc Commun Semestres-01-02.pdf<\/a><\/span><\/strong><\/h4>\n<\/li>\n<\/ul>\n<\/div><\/section><\/p><\/div>\n<div class=\"flex_column av_one_full  flex_column_div av-zero-column-padding first  avia-builder-el-12  el_after_av_one_full  el_before_av_textblock  column-top-margin\" style='border-radius:0px; '><section class=\"av_textblock_section \"  itemscope=\"itemscope\" itemtype=\"https:\/\/schema.org\/CreativeWork\" ><div class='avia_textblock  '   itemprop=\"text\" ><h3><span style=\"color: #000080;\">SYLLABUS :<\/span><\/h3>\n<p><a href=\"https:\/\/online.fliphtml5.com\/pobys\/rsma\/\" target=\"_blank\" rel=\"noopener\">syllabus sciences commerciales\u00a0<\/a><\/p>\n<\/div><\/section><\/div><section class=\"av_textblock_section \"  itemscope=\"itemscope\" itemtype=\"https:\/\/schema.org\/CreativeWork\" ><div class='avia_textblock  '   itemprop=\"text\" ><h5><\/h5>\n<h3><span style=\"color: #000080;\">Pr\u00e9sentation de la formation\u00a0 :<\/span><\/h3>\n<hr \/>\n<h4><span style=\"color: #000000;\">La pluridisciplinarit\u00e9 de notre formation s\u2019\u00e9talant sur deux semestres, permet aux \u00e9tudiants d\u2019acqu\u00e9rir un savoir fondamental en sciences commerciales et des connaissances transversales actualis\u00e9es (Economie, gestion, comptabilit\u00e9, marketing, langues \u00e9trang\u00e8res, informatique\u2026).<\/span><\/h4>\n<h4><span style=\"color: #000000;\">Cette ouverture permet aux \u00e9tudiants une r\u00e9orientation vers les diff\u00e9rentes sp\u00e9cialit\u00e9s subs\u00e9quentes, et ce \u00e0 partir du 3<sup>\u00e8me<\/sup>\u00a0semestre\u00a0:<\/span><\/h4>\n<ul>\n<li><span style=\"color: #000080;\"><strong>Management et entrepreneuriat,<\/strong><\/span><\/li>\n<li><span style=\"color: #000080;\"><strong>Finances, Banque et Assurances;<\/strong><\/span><\/li>\n<li><span style=\"color: #000080;\"><strong>Comptabilit\u00e9 et Audit;<\/strong><\/span><\/li>\n<li><span style=\"color: #000080;\"><strong>Management pour ing\u00e9nieurs;<\/strong><\/span><\/li>\n<li><span style=\"color: #000080;\"><strong>Commerce international ;<\/strong><\/span><\/li>\n<li><span style=\"color: #000080;\"><strong>Marketing management;<\/strong><\/span><\/li>\n<li><span style=\"color: #000080;\"><strong>Marketing digital;<\/strong><\/span><\/li>\n<li><span style=\"color: #000080;\"><strong>Distribution et commerce connect\u00e9s;<\/strong><\/span><\/li>\n<li><span style=\"color: #000080;\"><strong>Management de la chaine logistique.<\/strong><\/span><\/li>\n<\/ul>\n<h4><span style=\"color: #000000;\">Par ailleurs, \u00e0 la fin du second semestre les \u00e9tudiants sont tenus d\u2019effectuer un stage en entreprise d\u2019une dur\u00e9e de 4 semaines. Ceci est consid\u00e9r\u00e9 telle une premi\u00e8re immersion dans le monde professionnel leur permettant de mettre en pratique les connaissances th\u00e9oriques acquises.\u00a0<\/span><\/h4>\n<\/div><\/section><\/p>\n","protected":false},"excerpt":{"rendered":"","protected":false},"author":1,"featured_media":0,"parent":25,"menu_order":0,"comment_status":"closed","ping_status":"closed","template":"","meta":{"_mi_skip_tracking":false,"_monsterinsights_sitenote_active":false,"_monsterinsights_sitenote_note":"","_monsterinsights_sitenote_category":0},"_links":{"self":[{"href":"https:\/\/hec.dz\/newsite\/index.php?rest_route=\/wp\/v2\/pages\/140"}],"collection":[{"href":"https:\/\/hec.dz\/newsite\/index.php?rest_route=\/wp\/v2\/pages"}],"about":[{"href":"https:\/\/hec.dz\/newsite\/index.php?rest_route=\/wp\/v2\/types\/page"}],"author":[{"embeddable":true,"href":"https:\/\/hec.dz\/newsite\/index.php?rest_route=\/wp\/v2\/users\/1"}],"replies":[{"embeddable":true,"href":"https:\/\/hec.dz\/newsite\/index.php?rest_route=%2Fwp%2Fv2%2Fcomments&post=140"}],"version-history":[{"count":46,"href":"https:\/\/hec.dz\/newsite\/index.php?rest_route=\/wp\/v2\/pages\/140\/revisions"}],"predecessor-version":[{"id":19093,"href":"https:\/\/hec.dz\/newsite\/index.php?rest_route=\/wp\/v2\/pages\/140\/revisions\/19093"}],"up":[{"embeddable":true,"href":"https:\/\/hec.dz\/newsite\/index.php?rest_route=\/wp\/v2\/pages\/25"}],"wp:attachment":[{"href":"https:\/\/hec.dz\/newsite\/index.php?rest_route=%2Fwp%2Fv2%2Fmedia&parent=140"}],"curies":[{"name":"wp","href":"https:\/\/api.w.org\/{rel}","templated":true}]}}